{"id":42,"date":"2025-08-19T10:03:49","date_gmt":"2025-08-19T08:03:49","guid":{"rendered":"https:\/\/philomene-services.fr\/?page_id=42"},"modified":"2025-08-19T17:58:28","modified_gmt":"2025-08-19T15:58:28","slug":"histoire","status":"publish","type":"page","link":"https:\/\/philomene-services.fr\/?page_id=42","title":{"rendered":"Histoire"},"content":{"rendered":"\t\t<div data-elementor-type=\"wp-page\" data-elementor-id=\"42\" class=\"elementor elementor-42\">\n\t\t\t\t<div class=\"elementor-element elementor-element-d9a5243 e-flex e-con-boxed e-con e-parent\" data-id=\"d9a5243\" data-element_type=\"container\">\n\t\t\t\t\t<div class=\"e-con-inner\">\n\t\t\t\t<div class=\"elementor-element elementor-element-7e3f951 elementor-widget elementor-widget-spacer\" data-id=\"7e3f951\" data-element_type=\"widget\" data-widget_type=\"spacer.default\">\n\t\t\t\t\t\t\t<div class=\"elementor-spacer\">\n\t\t\t<div class=\"elementor-spacer-inner\"><\/div>\n\t\t<\/div>\n\t\t\t\t\t\t<\/div>\n\t\t\t\t\t<\/div>\n\t\t\t\t<\/div>\n\t\t<div class=\"elementor-element elementor-element-d21dcce e-flex e-con-boxed e-con e-parent\" data-id=\"d21dcce\" data-element_type=\"container\" data-settings=\"{&quot;background_background&quot;:&quot;slideshow&quot;,&quot;background_slideshow_gallery&quot;:[{&quot;id&quot;:167,&quot;url&quot;:&quot;https:\\\/\\\/philomene-services.fr\\\/wp-content\\\/uploads\\\/2025\\\/08\\\/Philomene-services-a-domicile-toulouse-conciergerie-calme-apaisement-famille-menage-repassage-gouvernante-philosophie.png&quot;}],&quot;background_slideshow_loop&quot;:&quot;yes&quot;,&quot;background_slideshow_slide_duration&quot;:5000,&quot;background_slideshow_slide_transition&quot;:&quot;fade&quot;,&quot;background_slideshow_transition_duration&quot;:500}\">\n\t\t\t\t\t<div class=\"e-con-inner\">\n\t\t\t\t<div class=\"elementor-element elementor-element-d4bbdc8 elementor-widget elementor-widget-heading\" data-id=\"d4bbdc8\" data-element_type=\"widget\" data-widget_type=\"heading.default\">\n\t\t\t\t\t<h2 class=\"elementor-heading-title elementor-size-default\">La petite histoire de Philom\u00e8ne...<\/h2>\t\t\t\t<\/div>\n\t\t\t\t\t<\/div>\n\t\t\t\t<\/div>\n\t\t<div class=\"elementor-element elementor-element-8f28a39 e-flex e-con-boxed e-con e-parent\" data-id=\"8f28a39\" data-element_type=\"container\">\n\t\t\t\t\t<div class=\"e-con-inner\">\n\t\t\t\t<div class=\"elementor-element elementor-element-3e5eb9e elementor-widget elementor-widget-spacer\" data-id=\"3e5eb9e\" data-element_type=\"widget\" data-widget_type=\"spacer.default\">\n\t\t\t\t\t\t\t<div class=\"elementor-spacer\">\n\t\t\t<div class=\"elementor-spacer-inner\"><\/div>\n\t\t<\/div>\n\t\t\t\t\t\t<\/div>\n\t\t\t\t\t<\/div>\n\t\t\t\t<\/div>\n\t\t<div class=\"elementor-element elementor-element-ecb9f53 e-flex e-con-boxed e-con e-parent\" data-id=\"ecb9f53\" data-element_type=\"container\">\n\t\t\t\t\t<div class=\"e-con-inner\">\n\t\t\t\t<div class=\"elementor-element elementor-element-3ab6f37 elementor-widget elementor-widget-text-editor\" data-id=\"3ab6f37\" data-element_type=\"widget\" data-widget_type=\"text-editor.default\">\n\t\t\t\t\t\t\t\t\t<p class=\"p1\">Enfant l\u00e9gitime d\u2019un groupe familial sp\u00e9cialis\u00e9 dans le nettoyage industriel d\u00e9di\u00e9 aux professionnels, Philom\u00e8ne est n\u00e9e pour r\u00e9pondre aux besoins de nos clients qui, satisfaits de l\u2019entretien de leurs bureaux, du service de proximit\u00e9 et du suivi que nous leur proposons, souhaitent \u00e9galement nous confier leur \u00ab\u00a0chez eux\u00a0\u00bb\u2026<\/p>\t\t\t\t\t\t\t\t<\/div>\n\t\t\t\t\t<\/div>\n\t\t\t\t<\/div>\n\t\t<div class=\"elementor-element elementor-element-fd01da9 e-flex e-con-boxed e-con e-parent\" data-id=\"fd01da9\" data-element_type=\"container\" data-settings=\"{&quot;background_background&quot;:&quot;classic&quot;}\">\n\t\t\t\t\t<div class=\"e-con-inner\">\n\t\t<div class=\"elementor-element elementor-element-8690428 e-con-full e-flex e-con e-child\" data-id=\"8690428\" data-element_type=\"container\">\n\t\t\t\t<div class=\"elementor-element elementor-element-8e44720 elementor-widget elementor-widget-text-editor\" data-id=\"8e44720\" data-element_type=\"widget\" data-widget_type=\"text-editor.default\">\n\t\t\t\t\t\t\t\t\t<p class=\"p1\">L\u2019exp\u00e9rience, la technicit\u00e9 et le niveau de service acquis depuis pr\u00e8s de 20 ans au contact d\u2019une client\u00e8le exigeante est \u00e0 pr\u00e9sent adapt\u00e9 et propos\u00e9 \u00ab\u00a0chez vous\u00a0\u00bb.<\/p><p class=\"p1\">Nous formons les intervenants aux techniques et modes op\u00e9ratoires d\u00e9riv\u00e9s du nettoyage industriel et adaptons nos m\u00e9thodologies ainsi que l\u2019utilisation de produits et mat\u00e9riels aux supports anciens comme modernes (bois, b\u00e9ton cir\u00e9s, cuivre, inox, etc\u00a0) y compris les plus fragiles.<\/p><p class=\"p1\"><strong>Pour vous la garantie d\u2019un r\u00e9sultat professionnel et la p\u00e9rennit\u00e9 des mat\u00e9riaux de votre int\u00e9rieur.<\/strong><\/p>\t\t\t\t\t\t\t\t<\/div>\n\t\t\t\t<\/div>\n\t\t<div class=\"elementor-element elementor-element-f050cb1 e-con-full e-flex e-con e-child\" data-id=\"f050cb1\" data-element_type=\"container\">\n\t\t\t\t<div class=\"elementor-element elementor-element-6ce9e9e elementor-widget elementor-widget-image\" data-id=\"6ce9e9e\" data-element_type=\"widget\" data-widget_type=\"image.default\">\n\t\t\t\t\t\t\t\t\t\t\t\t\t\t\t<img fetchpriority=\"high\" decoding=\"async\" width=\"1024\" height=\"681\" src=\"https:\/\/philomene-services.fr\/wp-content\/uploads\/2025\/08\/Philomene-services-a-domicile-toulouse-conciergerie-calme-apaisement-famille-menage-repassage-gouvernante-13-1024x681.png\" class=\"attachment-large size-large wp-image-150\" alt=\"\" srcset=\"https:\/\/philomene-services.fr\/wp-content\/uploads\/2025\/08\/Philomene-services-a-domicile-toulouse-conciergerie-calme-apaisement-famille-menage-repassage-gouvernante-13-1024x681.png 1024w, https:\/\/philomene-services.fr\/wp-content\/uploads\/2025\/08\/Philomene-services-a-domicile-toulouse-conciergerie-calme-apaisement-famille-menage-repassage-gouvernante-13-300x200.png 300w, https:\/\/philomene-services.fr\/wp-content\/uploads\/2025\/08\/Philomene-services-a-domicile-toulouse-conciergerie-calme-apaisement-famille-menage-repassage-gouvernante-13-768x511.png 768w, https:\/\/philomene-services.fr\/wp-content\/uploads\/2025\/08\/Philomene-services-a-domicile-toulouse-conciergerie-calme-apaisement-famille-menage-repassage-gouvernante-13-1536x1022.png 1536w, https:\/\/philomene-services.fr\/wp-content\/uploads\/2025\/08\/Philomene-services-a-domicile-toulouse-conciergerie-calme-apaisement-famille-menage-repassage-gouvernante-13.png 2000w\" sizes=\"(max-width: 1024px) 100vw, 1024px\" \/>\t\t\t\t\t\t\t\t\t\t\t\t\t\t\t<\/div>\n\t\t\t\t<\/div>\n\t\t\t\t\t<\/div>\n\t\t\t\t<\/div>\n\t\t<div class=\"elementor-element elementor-element-0e42530 e-flex e-con-boxed e-con e-parent\" data-id=\"0e42530\" data-element_type=\"container\">\n\t\t\t\t\t<div class=\"e-con-inner\">\n\t\t\t\t<div class=\"elementor-element elementor-element-1ec23df elementor-widget elementor-widget-spacer\" data-id=\"1ec23df\" data-element_type=\"widget\" data-widget_type=\"spacer.default\">\n\t\t\t\t\t\t\t<div class=\"elementor-spacer\">\n\t\t\t<div class=\"elementor-spacer-inner\"><\/div>\n\t\t<\/div>\n\t\t\t\t\t\t<\/div>\n\t\t\t\t\t<\/div>\n\t\t\t\t<\/div>\n\t\t\t\t<\/div>\n\t\t","protected":false},"excerpt":{"rendered":"<p>La petite histoire de Philom\u00e8ne&#8230; Enfant l\u00e9gitime d\u2019un groupe familial sp\u00e9cialis\u00e9 dans le nettoyage industriel d\u00e9di\u00e9 aux professionnels, Philom\u00e8ne est n\u00e9e pour r\u00e9pondre aux besoins de nos clients qui, satisfaits de l\u2019entretien de leurs bureaux, du service de proximit\u00e9 et du suivi que nous leur proposons, souhaitent \u00e9galement nous confier leur \u00ab\u00a0chez eux\u00a0\u00bb\u2026 L\u2019exp\u00e9rience, la&hellip;&nbsp;<a href=\"https:\/\/philomene-services.fr\/?page_id=42\" rel=\"bookmark\"><span class=\"screen-reader-text\">Histoire<\/span><\/a><\/p>\n","protected":false},"author":2,"featured_media":0,"parent":0,"menu_order":0,"comment_status":"closed","ping_status":"closed","template":"page-templates\/template-pagebuilder-full-width.php","meta":{"neve_meta_sidebar":"","neve_meta_container":"","neve_meta_enable_content_width":"","neve_meta_content_width":0,"neve_meta_title_alignment":"","neve_meta_author_avatar":"","neve_post_elements_order":"","neve_meta_disable_header":"","neve_meta_disable_footer":"","neve_meta_disable_title":"","footnotes":""},"class_list":["post-42","page","type-page","status-publish","hentry"],"_links":{"self":[{"href":"https:\/\/philomene-services.fr\/index.php?rest_route=\/wp\/v2\/pages\/42","targetHints":{"allow":["GET"]}}],"collection":[{"href":"https:\/\/philomene-services.fr\/index.php?rest_route=\/wp\/v2\/pages"}],"about":[{"href":"https:\/\/philomene-services.fr\/index.php?rest_route=\/wp\/v2\/types\/page"}],"author":[{"embeddable":true,"href":"https:\/\/philomene-services.fr\/index.php?rest_route=\/wp\/v2\/users\/2"}],"replies":[{"embeddable":true,"href":"https:\/\/philomene-services.fr\/index.php?rest_route=%2Fwp%2Fv2%2Fcomments&post=42"}],"version-history":[{"count":13,"href":"https:\/\/philomene-services.fr\/index.php?rest_route=\/wp\/v2\/pages\/42\/revisions"}],"predecessor-version":[{"id":232,"href":"https:\/\/philomene-services.fr\/index.php?rest_route=\/wp\/v2\/pages\/42\/revisions\/232"}],"wp:attachment":[{"href":"https:\/\/philomene-services.fr\/index.php?rest_route=%2Fwp%2Fv2%2Fmedia&parent=42"}],"curies":[{"name":"wp","href":"https:\/\/api.w.org\/{rel}","templated":true}]}}