{"id":44,"date":"2025-08-19T10:04:04","date_gmt":"2025-08-19T08:04:04","guid":{"rendered":"https:\/\/philomene-services.fr\/?page_id=44"},"modified":"2025-08-20T16:48:40","modified_gmt":"2025-08-20T14:48:40","slug":"concept","status":"publish","type":"page","link":"https:\/\/philomene-services.fr\/?page_id=44","title":{"rendered":"Concept"},"content":{"rendered":"\t\t<div data-elementor-type=\"wp-page\" data-elementor-id=\"44\" class=\"elementor elementor-44\">\n\t\t\t\t<div class=\"elementor-element elementor-element-c18fdcc e-flex e-con-boxed e-con e-parent\" data-id=\"c18fdcc\" data-element_type=\"container\">\n\t\t\t\t\t<div class=\"e-con-inner\">\n\t\t\t\t<div class=\"elementor-element elementor-element-8cba5dd elementor-widget elementor-widget-spacer\" data-id=\"8cba5dd\" data-element_type=\"widget\" data-widget_type=\"spacer.default\">\n\t\t\t\t\t\t\t<div class=\"elementor-spacer\">\n\t\t\t<div class=\"elementor-spacer-inner\"><\/div>\n\t\t<\/div>\n\t\t\t\t\t\t<\/div>\n\t\t\t\t\t<\/div>\n\t\t\t\t<\/div>\n\t\t<div class=\"elementor-element elementor-element-ac76c93 e-flex e-con-boxed e-con e-parent\" data-id=\"ac76c93\" data-element_type=\"container\" data-settings=\"{&quot;background_background&quot;:&quot;slideshow&quot;,&quot;background_slideshow_gallery&quot;:[{&quot;id&quot;:151,&quot;url&quot;:&quot;https:\\\/\\\/philomene-services.fr\\\/wp-content\\\/uploads\\\/2025\\\/08\\\/Philomene-services-a-domicile-toulouse-conciergerie-calme-apaisement-famille-menage-repassage-gouvernante-16.png&quot;}],&quot;background_slideshow_loop&quot;:&quot;yes&quot;,&quot;background_slideshow_slide_duration&quot;:5000,&quot;background_slideshow_slide_transition&quot;:&quot;fade&quot;,&quot;background_slideshow_transition_duration&quot;:500}\">\n\t\t\t\t\t<div class=\"e-con-inner\">\n\t\t\t\t<div class=\"elementor-element elementor-element-4b35b0b elementor-widget elementor-widget-heading\" data-id=\"4b35b0b\" data-element_type=\"widget\" data-widget_type=\"heading.default\">\n\t\t\t\t\t<h2 class=\"elementor-heading-title elementor-size-default\">La philosophie selon Philom\u00e8ne... Notre concept<\/h2>\t\t\t\t<\/div>\n\t\t\t\t\t<\/div>\n\t\t\t\t<\/div>\n\t\t<div class=\"elementor-element elementor-element-c6f05f4 e-flex e-con-boxed e-con e-parent\" data-id=\"c6f05f4\" data-element_type=\"container\">\n\t\t\t\t\t<div class=\"e-con-inner\">\n\t\t\t\t<div class=\"elementor-element elementor-element-3087e60 elementor-widget elementor-widget-spacer\" data-id=\"3087e60\" data-element_type=\"widget\" data-widget_type=\"spacer.default\">\n\t\t\t\t\t\t\t<div class=\"elementor-spacer\">\n\t\t\t<div class=\"elementor-spacer-inner\"><\/div>\n\t\t<\/div>\n\t\t\t\t\t\t<\/div>\n\t\t\t\t\t<\/div>\n\t\t\t\t<\/div>\n\t\t<div class=\"elementor-element elementor-element-ba7aa18 e-flex e-con-boxed e-con e-parent\" data-id=\"ba7aa18\" data-element_type=\"container\">\n\t\t\t\t\t<div class=\"e-con-inner\">\n\t\t\t\t<div class=\"elementor-element elementor-element-55c3c06 elementor-widget elementor-widget-text-editor\" data-id=\"55c3c06\" data-element_type=\"widget\" data-widget_type=\"text-editor.default\">\n\t\t\t\t\t\t\t\t\t<p class=\"p1\"><strong>Notre Philosophie\u00a0: tous nos clients ont droit \u00e0 un service et un suivi sur mesure, sans niveau ni cat\u00e9gorie de prestations, un tarif unique, clair, la m\u00eame rigueur pour chaque int\u00e9rieur.<\/strong><\/p>\t\t\t\t\t\t\t\t<\/div>\n\t\t\t\t\t<\/div>\n\t\t\t\t<\/div>\n\t\t<div class=\"elementor-element elementor-element-1b479bc e-flex e-con-boxed e-con e-parent\" data-id=\"1b479bc\" data-element_type=\"container\">\n\t\t\t\t\t<div class=\"e-con-inner\">\n\t\t<div class=\"elementor-element elementor-element-d8a3f2c e-con-full e-flex e-con e-child\" data-id=\"d8a3f2c\" data-element_type=\"container\">\n\t\t\t\t<div class=\"elementor-element elementor-element-f5ad450 elementor-widget elementor-widget-text-editor\" data-id=\"f5ad450\" data-element_type=\"widget\" data-widget_type=\"text-editor.default\">\n\t\t\t\t\t\t\t\t\t<p class=\"p1\">Tous nos clients b\u00e9n\u00e9ficient du meilleur de nos services.<\/p><p class=\"p1\">C\u2019est pourquoi, nos Philom\u00e8ne sont form\u00e9.es pour r\u00e9pondre \u00e0 tous vos besoins et apportent le m\u00eame soin \u00e0 tous nos clients.<\/p><p class=\"p1\">Notre leitmotiv, vous proposer des solutions ad\u00e9quates \u00e0 vos besoins et vos styles de vie.<\/p>\t\t\t\t\t\t\t\t<\/div>\n\t\t\t\t<\/div>\n\t\t<div class=\"elementor-element elementor-element-dceb299 e-con-full e-flex e-con e-child\" data-id=\"dceb299\" data-element_type=\"container\">\n\t\t\t\t<div class=\"elementor-element elementor-element-2c38c29 elementor-widget elementor-widget-image\" data-id=\"2c38c29\" data-element_type=\"widget\" data-widget_type=\"image.default\">\n\t\t\t\t\t\t\t\t\t\t\t\t\t\t\t<img fetchpriority=\"high\" decoding=\"async\" width=\"1024\" height=\"682\" src=\"https:\/\/philomene-services.fr\/wp-content\/uploads\/2025\/08\/Philomene-services-a-domicile-toulouse-conciergerie-calme-apaisement-famille-menage-repassage-gouvernante-1-1024x682.png\" class=\"attachment-large size-large wp-image-138\" alt=\"\" srcset=\"https:\/\/philomene-services.fr\/wp-content\/uploads\/2025\/08\/Philomene-services-a-domicile-toulouse-conciergerie-calme-apaisement-famille-menage-repassage-gouvernante-1-1024x682.png 1024w, https:\/\/philomene-services.fr\/wp-content\/uploads\/2025\/08\/Philomene-services-a-domicile-toulouse-conciergerie-calme-apaisement-famille-menage-repassage-gouvernante-1-300x200.png 300w, https:\/\/philomene-services.fr\/wp-content\/uploads\/2025\/08\/Philomene-services-a-domicile-toulouse-conciergerie-calme-apaisement-famille-menage-repassage-gouvernante-1-768x512.png 768w, https:\/\/philomene-services.fr\/wp-content\/uploads\/2025\/08\/Philomene-services-a-domicile-toulouse-conciergerie-calme-apaisement-famille-menage-repassage-gouvernante-1-1536x1024.png 1536w, https:\/\/philomene-services.fr\/wp-content\/uploads\/2025\/08\/Philomene-services-a-domicile-toulouse-conciergerie-calme-apaisement-famille-menage-repassage-gouvernante-1-930x620.png 930w, https:\/\/philomene-services.fr\/wp-content\/uploads\/2025\/08\/Philomene-services-a-domicile-toulouse-conciergerie-calme-apaisement-famille-menage-repassage-gouvernante-1.png 2000w\" sizes=\"(max-width: 1024px) 100vw, 1024px\" \/>\t\t\t\t\t\t\t\t\t\t\t\t\t\t\t<\/div>\n\t\t\t\t<\/div>\n\t\t\t\t\t<\/div>\n\t\t\t\t<\/div>\n\t\t<div class=\"elementor-element elementor-element-f7cbd5e e-flex e-con-boxed e-con e-parent\" data-id=\"f7cbd5e\" data-element_type=\"container\">\n\t\t\t\t\t<div class=\"e-con-inner\">\n\t\t\t\t<div class=\"elementor-element elementor-element-5e8c932 elementor-widget elementor-widget-spacer\" data-id=\"5e8c932\" data-element_type=\"widget\" data-widget_type=\"spacer.default\">\n\t\t\t\t\t\t\t<div class=\"elementor-spacer\">\n\t\t\t<div class=\"elementor-spacer-inner\"><\/div>\n\t\t<\/div>\n\t\t\t\t\t\t<\/div>\n\t\t\t\t\t<\/div>\n\t\t\t\t<\/div>\n\t\t<div class=\"elementor-element elementor-element-6c5df08 e-flex e-con-boxed e-con e-parent\" data-id=\"6c5df08\" data-element_type=\"container\" data-settings=\"{&quot;background_background&quot;:&quot;classic&quot;}\">\n\t\t\t\t\t<div class=\"e-con-inner\">\n\t\t\t\t<div class=\"elementor-element elementor-element-b6b5bb3 elementor-widget elementor-widget-heading\" data-id=\"b6b5bb3\" data-element_type=\"widget\" data-widget_type=\"heading.default\">\n\t\t\t\t\t<h2 class=\"elementor-heading-title elementor-size-default\">La qualit\u00e9: un suivi sur mesure<\/h2>\t\t\t\t<\/div>\n\t\t\t\t\t<\/div>\n\t\t\t\t<\/div>\n\t\t<div class=\"elementor-element elementor-element-8191b8e e-flex e-con-boxed e-con e-parent\" data-id=\"8191b8e\" data-element_type=\"container\" data-settings=\"{&quot;background_background&quot;:&quot;classic&quot;}\">\n\t\t\t\t\t<div class=\"e-con-inner\">\n\t\t\t\t<div class=\"elementor-element elementor-element-102f835 elementor-widget elementor-widget-text-editor\" data-id=\"102f835\" data-element_type=\"widget\" data-widget_type=\"text-editor.default\">\n\t\t\t\t\t\t\t\t\t<ul><li class=\"p1\">Apr\u00e8s avoir fait un point sur vos besoins et vous avoir remis une \u00e9tude, une intervenante est d\u00e9di\u00e9e \u00e0 votre domicile, form\u00e9e \u00e0 nos process d\u00e9riv\u00e9s de l\u2019entretien \u00ab professionnel \u00bb.<\/li><li class=\"p1\">En cas d\u2019absence une solution est propos\u00e9e dans les 48h.<\/li><li class=\"p1\">Un Manager suit le d\u00e9roul\u00e9 des prestations, la conformit\u00e9 avec le cahier des charges et forme en continu les intervenantes.<\/li><li class=\"p1\">Des points r\u00e9guliers sont fait avec tous nos clients, car nous n\u2019avons pour autre objectif que votre satisfaction.<\/li><\/ul>\t\t\t\t\t\t\t\t<\/div>\n\t\t\t\t\t<\/div>\n\t\t\t\t<\/div>\n\t\t<div class=\"elementor-element elementor-element-aac5192 e-flex e-con-boxed e-con e-parent\" data-id=\"aac5192\" data-element_type=\"container\">\n\t\t\t\t\t<div class=\"e-con-inner\">\n\t\t\t\t<div class=\"elementor-element elementor-element-4cffeb9 elementor-widget elementor-widget-spacer\" data-id=\"4cffeb9\" data-element_type=\"widget\" data-widget_type=\"spacer.default\">\n\t\t\t\t\t\t\t<div class=\"elementor-spacer\">\n\t\t\t<div class=\"elementor-spacer-inner\"><\/div>\n\t\t<\/div>\n\t\t\t\t\t\t<\/div>\n\t\t\t\t\t<\/div>\n\t\t\t\t<\/div>\n\t\t\t\t<\/div>\n\t\t","protected":false},"excerpt":{"rendered":"<p>La philosophie selon Philom\u00e8ne&#8230; Notre concept Notre Philosophie\u00a0: tous nos clients ont droit \u00e0 un service et un suivi sur mesure, sans niveau ni cat\u00e9gorie de prestations, un tarif unique, clair, la m\u00eame rigueur pour chaque int\u00e9rieur. Tous nos clients b\u00e9n\u00e9ficient du meilleur de nos services. C\u2019est pourquoi, nos Philom\u00e8ne sont form\u00e9.es pour r\u00e9pondre \u00e0&hellip;&nbsp;<a href=\"https:\/\/philomene-services.fr\/?page_id=44\" rel=\"bookmark\"><span class=\"screen-reader-text\">Concept<\/span><\/a><\/p>\n","protected":false},"author":2,"featured_media":0,"parent":0,"menu_order":0,"comment_status":"closed","ping_status":"closed","template":"page-templates\/template-pagebuilder-full-width.php","meta":{"neve_meta_sidebar":"","neve_meta_container":"","neve_meta_enable_content_width":"","neve_meta_content_width":0,"neve_meta_title_alignment":"","neve_meta_author_avatar":"","neve_post_elements_order":"","neve_meta_disable_header":"","neve_meta_disable_footer":"","neve_meta_disable_title":"","footnotes":""},"class_list":["post-44","page","type-page","status-publish","hentry"],"_links":{"self":[{"href":"https:\/\/philomene-services.fr\/index.php?rest_route=\/wp\/v2\/pages\/44","targetHints":{"allow":["GET"]}}],"collection":[{"href":"https:\/\/philomene-services.fr\/index.php?rest_route=\/wp\/v2\/pages"}],"about":[{"href":"https:\/\/philomene-services.fr\/index.php?rest_route=\/wp\/v2\/types\/page"}],"author":[{"embeddable":true,"href":"https:\/\/philomene-services.fr\/index.php?rest_route=\/wp\/v2\/users\/2"}],"replies":[{"embeddable":true,"href":"https:\/\/philomene-services.fr\/index.php?rest_route=%2Fwp%2Fv2%2Fcomments&post=44"}],"version-history":[{"count":37,"href":"https:\/\/philomene-services.fr\/index.php?rest_route=\/wp\/v2\/pages\/44\/revisions"}],"predecessor-version":[{"id":287,"href":"https:\/\/philomene-services.fr\/index.php?rest_route=\/wp\/v2\/pages\/44\/revisions\/287"}],"wp:attachment":[{"href":"https:\/\/philomene-services.fr\/index.php?rest_route=%2Fwp%2Fv2%2Fmedia&parent=44"}],"curies":[{"name":"wp","href":"https:\/\/api.w.org\/{rel}","templated":true}]}}