{"id":46,"date":"2025-08-19T10:04:19","date_gmt":"2025-08-19T08:04:19","guid":{"rendered":"https:\/\/philomene-services.fr\/?page_id=46"},"modified":"2025-08-21T19:02:02","modified_gmt":"2025-08-21T17:02:02","slug":"services","status":"publish","type":"page","link":"https:\/\/philomene-services.fr\/?page_id=46","title":{"rendered":"Services"},"content":{"rendered":"\t\t<div data-elementor-type=\"wp-page\" data-elementor-id=\"46\" class=\"elementor elementor-46\">\n\t\t\t\t<div class=\"elementor-element elementor-element-580390a e-flex e-con-boxed e-con e-parent\" data-id=\"580390a\" data-element_type=\"container\">\n\t\t\t\t\t<div class=\"e-con-inner\">\n\t\t\t\t<div class=\"elementor-element elementor-element-c7c1b15 elementor-widget elementor-widget-spacer\" data-id=\"c7c1b15\" data-element_type=\"widget\" data-widget_type=\"spacer.default\">\n\t\t\t\t\t\t\t<div class=\"elementor-spacer\">\n\t\t\t<div class=\"elementor-spacer-inner\"><\/div>\n\t\t<\/div>\n\t\t\t\t\t\t<\/div>\n\t\t\t\t\t<\/div>\n\t\t\t\t<\/div>\n\t\t<div class=\"elementor-element elementor-element-b686d1e e-flex e-con-boxed e-con e-parent\" data-id=\"b686d1e\" data-element_type=\"container\" data-settings=\"{&quot;background_background&quot;:&quot;slideshow&quot;,&quot;background_slideshow_gallery&quot;:[{&quot;id&quot;:75,&quot;url&quot;:&quot;https:\\\/\\\/philomene-services.fr\\\/wp-content\\\/uploads\\\/2025\\\/08\\\/Philomene-services-a-domicile-toulouse-conciergerie-calme-apaisement-famille-menage-repassage-gouvernante-11.png&quot;}],&quot;background_slideshow_loop&quot;:&quot;yes&quot;,&quot;background_slideshow_slide_duration&quot;:5000,&quot;background_slideshow_slide_transition&quot;:&quot;fade&quot;,&quot;background_slideshow_transition_duration&quot;:500}\">\n\t\t\t\t\t<div class=\"e-con-inner\">\n\t\t\t\t<div class=\"elementor-element elementor-element-1946ab5 elementor-widget elementor-widget-spacer\" data-id=\"1946ab5\" data-element_type=\"widget\" data-widget_type=\"spacer.default\">\n\t\t\t\t\t\t\t<div class=\"elementor-spacer\">\n\t\t\t<div class=\"elementor-spacer-inner\"><\/div>\n\t\t<\/div>\n\t\t\t\t\t\t<\/div>\n\t\t\t\t<div class=\"elementor-element elementor-element-3e873f2 elementor-widget elementor-widget-heading\" data-id=\"3e873f2\" data-element_type=\"widget\" data-widget_type=\"heading.default\">\n\t\t\t\t\t<h2 class=\"elementor-heading-title elementor-size-default\">Respirez, on s'occupe de tout !  Nos services<\/h2>\t\t\t\t<\/div>\n\t\t\t\t\t<\/div>\n\t\t\t\t<\/div>\n\t\t<div class=\"elementor-element elementor-element-047e69a e-flex e-con-boxed e-con e-parent\" data-id=\"047e69a\" data-element_type=\"container\">\n\t\t\t\t\t<div class=\"e-con-inner\">\n\t\t\t\t<div class=\"elementor-element elementor-element-ec60728 elementor-widget elementor-widget-spacer\" data-id=\"ec60728\" data-element_type=\"widget\" data-widget_type=\"spacer.default\">\n\t\t\t\t\t\t\t<div class=\"elementor-spacer\">\n\t\t\t<div class=\"elementor-spacer-inner\"><\/div>\n\t\t<\/div>\n\t\t\t\t\t\t<\/div>\n\t\t\t\t\t<\/div>\n\t\t\t\t<\/div>\n\t\t<div class=\"elementor-element elementor-element-c98108a e-flex e-con-boxed e-con e-parent\" data-id=\"c98108a\" data-element_type=\"container\">\n\t\t\t\t\t<div class=\"e-con-inner\">\n\t\t\t\t<div class=\"elementor-element elementor-element-00c35d6 elementor-widget elementor-widget-heading\" data-id=\"00c35d6\" data-element_type=\"widget\" data-widget_type=\"heading.default\">\n\t\t\t\t\t<h2 class=\"elementor-heading-title elementor-size-default\">En v\u00e9ritable professionnels de la propret\u00e9, nous vous conseillons et vous accompagnons selon vos besoins<\/h2>\t\t\t\t<\/div>\n\t\t\t\t\t<\/div>\n\t\t\t\t<\/div>\n\t\t<div class=\"elementor-element elementor-element-de09760 e-flex e-con-boxed e-con e-parent\" data-id=\"de09760\" data-element_type=\"container\">\n\t\t\t\t\t<div class=\"e-con-inner\">\n\t\t<div class=\"elementor-element elementor-element-af03f50 e-con-full e-flex elementor-invisible e-con e-child\" data-id=\"af03f50\" data-element_type=\"container\" data-settings=\"{&quot;animation&quot;:&quot;fadeInLeft&quot;}\">\n\t\t\t\t<div class=\"elementor-element elementor-element-f790c7f elementor-position-top elementor-widget elementor-widget-image-box\" data-id=\"f790c7f\" data-element_type=\"widget\" data-widget_type=\"image-box.default\">\n\t\t\t\t\t<div class=\"elementor-image-box-wrapper\"><figure class=\"elementor-image-box-img\"><img fetchpriority=\"high\" decoding=\"async\" width=\"400\" height=\"600\" src=\"https:\/\/philomene-services.fr\/wp-content\/uploads\/2025\/08\/PHILOMENE-TOULOUSE-ENTRETIEN-DU-DOMICILE-MENAGE-MAISON-APPARTEMENT-FAMILLE-FOYER.png\" class=\"attachment-full size-full wp-image-294\" alt=\"\" srcset=\"https:\/\/philomene-services.fr\/wp-content\/uploads\/2025\/08\/PHILOMENE-TOULOUSE-ENTRETIEN-DU-DOMICILE-MENAGE-MAISON-APPARTEMENT-FAMILLE-FOYER.png 400w, https:\/\/philomene-services.fr\/wp-content\/uploads\/2025\/08\/PHILOMENE-TOULOUSE-ENTRETIEN-DU-DOMICILE-MENAGE-MAISON-APPARTEMENT-FAMILLE-FOYER-200x300.png 200w\" sizes=\"(max-width: 400px) 100vw, 400px\" \/><\/figure><div class=\"elementor-image-box-content\"><h3 class=\"elementor-image-box-title\">Entretien du domicile<\/h3><p class=\"elementor-image-box-description\">Nettoyage et entretien en profondeur pour un int\u00e9rieur propre et sain<\/p><\/div><\/div>\t\t\t\t<\/div>\n\t\t\t\t<\/div>\n\t\t<div class=\"elementor-element elementor-element-b3a3738 e-con-full e-flex elementor-invisible e-con e-child\" data-id=\"b3a3738\" data-element_type=\"container\" data-settings=\"{&quot;animation&quot;:&quot;fadeInLeft&quot;}\">\n\t\t\t\t<div class=\"elementor-element elementor-element-89bee7a elementor-position-top elementor-widget elementor-widget-image-box\" data-id=\"89bee7a\" data-element_type=\"widget\" data-widget_type=\"image-box.default\">\n\t\t\t\t\t<div class=\"elementor-image-box-wrapper\"><figure class=\"elementor-image-box-img\"><img decoding=\"async\" width=\"400\" height=\"600\" src=\"https:\/\/philomene-services.fr\/wp-content\/uploads\/2025\/08\/PHILIMENE-TOULOUSE-REPASSAGE-PRESSING-FAMILLE.png\" class=\"attachment-full size-full wp-image-292\" alt=\"\" srcset=\"https:\/\/philomene-services.fr\/wp-content\/uploads\/2025\/08\/PHILIMENE-TOULOUSE-REPASSAGE-PRESSING-FAMILLE.png 400w, https:\/\/philomene-services.fr\/wp-content\/uploads\/2025\/08\/PHILIMENE-TOULOUSE-REPASSAGE-PRESSING-FAMILLE-200x300.png 200w\" sizes=\"(max-width: 400px) 100vw, 400px\" \/><\/figure><div class=\"elementor-image-box-content\"><h3 class=\"elementor-image-box-title\">Repassage et entretien du linge<\/h3><p class=\"elementor-image-box-description\">Votre linge le plus d\u00e9licat sans un pli !<\/p><\/div><\/div>\t\t\t\t<\/div>\n\t\t\t\t<\/div>\n\t\t<div class=\"elementor-element elementor-element-106e2c1 e-con-full e-flex elementor-invisible e-con e-child\" data-id=\"106e2c1\" data-element_type=\"container\" data-settings=\"{&quot;animation&quot;:&quot;fadeInLeft&quot;}\">\n\t\t\t\t<div class=\"elementor-element elementor-element-9f805f4 elementor-position-top elementor-widget elementor-widget-image-box\" data-id=\"9f805f4\" data-element_type=\"widget\" data-widget_type=\"image-box.default\">\n\t\t\t\t\t<div class=\"elementor-image-box-wrapper\"><figure class=\"elementor-image-box-img\"><img decoding=\"async\" width=\"400\" height=\"600\" src=\"https:\/\/philomene-services.fr\/wp-content\/uploads\/2025\/08\/PHILOMENE-TOULOUSE-CONCIERGERIE-COURSES-SHOPPING-MISSIONS-CADEAU-BOUQUET-INVITATION.png\" class=\"attachment-full size-full wp-image-293\" alt=\"\" srcset=\"https:\/\/philomene-services.fr\/wp-content\/uploads\/2025\/08\/PHILOMENE-TOULOUSE-CONCIERGERIE-COURSES-SHOPPING-MISSIONS-CADEAU-BOUQUET-INVITATION.png 400w, https:\/\/philomene-services.fr\/wp-content\/uploads\/2025\/08\/PHILOMENE-TOULOUSE-CONCIERGERIE-COURSES-SHOPPING-MISSIONS-CADEAU-BOUQUET-INVITATION-200x300.png 200w\" sizes=\"(max-width: 400px) 100vw, 400px\" \/><\/figure><div class=\"elementor-image-box-content\"><h3 class=\"elementor-image-box-title\">Services de proximit\u00e9<\/h3><p class=\"elementor-image-box-description\">R\u00e9cup\u00e9rer vos courses, pressing, nourrir vos animaux pendant vos cong\u00e9s, vous avez oubli\u00e9 le diner de ce soir chez les Durand, on s\u2019occupe du bouquet\u2026.<\/p><\/div><\/div>\t\t\t\t<\/div>\n\t\t\t\t<\/div>\n\t\t<div class=\"elementor-element elementor-element-f26638a e-con-full e-flex elementor-invisible e-con e-child\" data-id=\"f26638a\" data-element_type=\"container\" data-settings=\"{&quot;animation&quot;:&quot;fadeInLeft&quot;}\">\n\t\t\t\t<div class=\"elementor-element elementor-element-a32c300 elementor-position-top elementor-widget elementor-widget-image-box\" data-id=\"a32c300\" data-element_type=\"widget\" data-widget_type=\"image-box.default\">\n\t\t\t\t\t<div class=\"elementor-image-box-wrapper\"><figure class=\"elementor-image-box-img\"><img loading=\"lazy\" decoding=\"async\" width=\"400\" height=\"600\" src=\"https:\/\/philomene-services.fr\/wp-content\/uploads\/2025\/08\/PHILOMENE-TOULOUSE-ENTRETIEN-MATERIAUX-SPECIFIQUES-CUIR-CANAPE-TAPIS-VITRERIE-FENETRE-BAIE-VITREE.png\" class=\"attachment-full size-full wp-image-295\" alt=\"\" srcset=\"https:\/\/philomene-services.fr\/wp-content\/uploads\/2025\/08\/PHILOMENE-TOULOUSE-ENTRETIEN-MATERIAUX-SPECIFIQUES-CUIR-CANAPE-TAPIS-VITRERIE-FENETRE-BAIE-VITREE.png 400w, https:\/\/philomene-services.fr\/wp-content\/uploads\/2025\/08\/PHILOMENE-TOULOUSE-ENTRETIEN-MATERIAUX-SPECIFIQUES-CUIR-CANAPE-TAPIS-VITRERIE-FENETRE-BAIE-VITREE-200x300.png 200w\" sizes=\"(max-width: 400px) 100vw, 400px\" \/><\/figure><div class=\"elementor-image-box-content\"><h3 class=\"elementor-image-box-title\">Nettoyages sp\u00e9cifiques<\/h3><p class=\"elementor-image-box-description\">canap\u00e9, tapis, vitrerie, mat\u00e9riaux sp\u00e9ciaux, etc.<\/p><\/div><\/div>\t\t\t\t<\/div>\n\t\t\t\t<\/div>\n\t\t\t\t\t<\/div>\n\t\t\t\t<\/div>\n\t\t<div class=\"elementor-element elementor-element-9d04a1f e-flex e-con-boxed e-con e-parent\" data-id=\"9d04a1f\" data-element_type=\"container\">\n\t\t\t\t\t<div class=\"e-con-inner\">\n\t\t\t\t<div class=\"elementor-element elementor-element-484c207 elementor-widget elementor-widget-heading\" data-id=\"484c207\" data-element_type=\"widget\" data-widget_type=\"heading.default\">\n\t\t\t\t\t<h2 class=\"elementor-heading-title elementor-size-default\">Services r\u00e9guliers ou ponctuels<\/h2>\t\t\t\t<\/div>\n\t\t\t\t\t<\/div>\n\t\t\t\t<\/div>\n\t\t<div class=\"elementor-element elementor-element-db080e6 e-flex e-con-boxed e-con e-parent\" data-id=\"db080e6\" data-element_type=\"container\">\n\t\t\t\t\t<div class=\"e-con-inner\">\n\t\t\t\t<div class=\"elementor-element elementor-element-cbfb979 elementor-widget elementor-widget-text-editor\" data-id=\"cbfb979\" data-element_type=\"widget\" data-widget_type=\"text-editor.default\">\n\t\t\t\t\t\t\t\t\t<p class=\"p1\">Quel que soit votre demande, qu\u2019il s\u2019agisse d\u2019une prestation par semaine, d\u2019une demande sp\u00e9cifique ou de la gestion et l\u2019intendance de votre maison, nous trouvons une solution.<\/p>\t\t\t\t\t\t\t\t<\/div>\n\t\t\t\t\t<\/div>\n\t\t\t\t<\/div>\n\t\t<div class=\"elementor-element elementor-element-07d5e62 e-flex e-con-boxed e-con e-parent\" data-id=\"07d5e62\" data-element_type=\"container\">\n\t\t\t\t\t<div class=\"e-con-inner\">\n\t\t<div class=\"elementor-element elementor-element-8c98208 e-con-full e-flex e-con e-child\" data-id=\"8c98208\" data-element_type=\"container\">\n\t\t\t\t<div class=\"elementor-element elementor-element-8d3ab66 elementor-widget elementor-widget-image\" data-id=\"8d3ab66\" data-element_type=\"widget\" data-widget_type=\"image.default\">\n\t\t\t\t\t\t\t\t\t\t\t\t\t\t\t<img loading=\"lazy\" decoding=\"async\" width=\"1024\" height=\"1024\" src=\"https:\/\/philomene-services.fr\/wp-content\/uploads\/2025\/08\/Philomene-services-a-domicile-toulouse-conciergerie-calme-apaisement-famille-menage-repassage-gouvernante-TARIF-1024x1024.png\" class=\"attachment-large size-large wp-image-154\" alt=\"\" srcset=\"https:\/\/philomene-services.fr\/wp-content\/uploads\/2025\/08\/Philomene-services-a-domicile-toulouse-conciergerie-calme-apaisement-famille-menage-repassage-gouvernante-TARIF-1024x1024.png 1024w, https:\/\/philomene-services.fr\/wp-content\/uploads\/2025\/08\/Philomene-services-a-domicile-toulouse-conciergerie-calme-apaisement-famille-menage-repassage-gouvernante-TARIF-300x300.png 300w, https:\/\/philomene-services.fr\/wp-content\/uploads\/2025\/08\/Philomene-services-a-domicile-toulouse-conciergerie-calme-apaisement-famille-menage-repassage-gouvernante-TARIF-150x150.png 150w, https:\/\/philomene-services.fr\/wp-content\/uploads\/2025\/08\/Philomene-services-a-domicile-toulouse-conciergerie-calme-apaisement-famille-menage-repassage-gouvernante-TARIF-768x768.png 768w, https:\/\/philomene-services.fr\/wp-content\/uploads\/2025\/08\/Philomene-services-a-domicile-toulouse-conciergerie-calme-apaisement-famille-menage-repassage-gouvernante-TARIF-1536x1536.png 1536w, https:\/\/philomene-services.fr\/wp-content\/uploads\/2025\/08\/Philomene-services-a-domicile-toulouse-conciergerie-calme-apaisement-famille-menage-repassage-gouvernante-TARIF.png 2000w\" sizes=\"(max-width: 1024px) 100vw, 1024px\" \/>\t\t\t\t\t\t\t\t\t\t\t\t\t\t\t<\/div>\n\t\t\t\t<\/div>\n\t\t<div class=\"elementor-element elementor-element-2a1c8d4 e-con-full e-flex e-con e-child\" data-id=\"2a1c8d4\" data-element_type=\"container\">\n\t\t\t\t<div class=\"elementor-element elementor-element-df2d220 elementor-widget elementor-widget-text-editor\" data-id=\"df2d220\" data-element_type=\"widget\" data-widget_type=\"text-editor.default\">\n\t\t\t\t\t\t\t\t\t<p class=\"p1\">Nos intervenants sont salari\u00e9s de Philom\u00e8ne, aucun gestion administrative et sociale ne sont \u00e0 votre charge.<\/p><p class=\"p1\">Nous assurons le suivi des intervenants, une continuit\u00e9 de service en cas d\u2019absence ou d\u2019indisponibilit\u00e9 sous 48h (avec votre accord pr\u00e9alable).<\/p><p class=\"p1\">Une d\u00e9fiscalisation \u00e0 hauteur de 50% (art 199 sexdecies du Code G\u00e9n\u00e9ral des Imp\u00f4ts)<\/p><p class=\"p1\">Vous avez la possibilit\u00e9 de r\u00e9gler par virement, ch\u00e8que, pr\u00e9l\u00e8vement, ch\u00e8ques pr\u00e9financ\u00e9s CESU et pouvez b\u00e9n\u00e9ficier de l\u2019avance imm\u00e9diate de cr\u00e9dit imp\u00f4t (depuis septembre 2023).<\/p>\t\t\t\t\t\t\t\t<\/div>\n\t\t\t\t<\/div>\n\t\t\t\t\t<\/div>\n\t\t\t\t<\/div>\n\t\t\t\t<\/div>\n\t\t","protected":false},"excerpt":{"rendered":"<p>Respirez, on s&rsquo;occupe de tout ! Nos services En v\u00e9ritable professionnels de la propret\u00e9, nous vous conseillons et vous accompagnons selon vos besoins Entretien du domicile Nettoyage et entretien en profondeur pour un int\u00e9rieur propre et sain Repassage et entretien du linge Votre linge le plus d\u00e9licat sans un pli ! Services de proximit\u00e9 R\u00e9cup\u00e9rer&hellip;&nbsp;<a href=\"https:\/\/philomene-services.fr\/?page_id=46\" rel=\"bookmark\"><span class=\"screen-reader-text\">Services<\/span><\/a><\/p>\n","protected":false},"author":2,"featured_media":0,"parent":0,"menu_order":0,"comment_status":"closed","ping_status":"closed","template":"page-templates\/template-pagebuilder-full-width.php","meta":{"neve_meta_sidebar":"","neve_meta_container":"","neve_meta_enable_content_width":"","neve_meta_content_width":0,"neve_meta_title_alignment":"","neve_meta_author_avatar":"","neve_post_elements_order":"","neve_meta_disable_header":"","neve_meta_disable_footer":"","neve_meta_disable_title":"","footnotes":""},"class_list":["post-46","page","type-page","status-publish","hentry"],"_links":{"self":[{"href":"https:\/\/philomene-services.fr\/index.php?rest_route=\/wp\/v2\/pages\/46","targetHints":{"allow":["GET"]}}],"collection":[{"href":"https:\/\/philomene-services.fr\/index.php?rest_route=\/wp\/v2\/pages"}],"about":[{"href":"https:\/\/philomene-services.fr\/index.php?rest_route=\/wp\/v2\/types\/page"}],"author":[{"embeddable":true,"href":"https:\/\/philomene-services.fr\/index.php?rest_route=\/wp\/v2\/users\/2"}],"replies":[{"embeddable":true,"href":"https:\/\/philomene-services.fr\/index.php?rest_route=%2Fwp%2Fv2%2Fcomments&post=46"}],"version-history":[{"count":28,"href":"https:\/\/philomene-services.fr\/index.php?rest_route=\/wp\/v2\/pages\/46\/revisions"}],"predecessor-version":[{"id":307,"href":"https:\/\/philomene-services.fr\/index.php?rest_route=\/wp\/v2\/pages\/46\/revisions\/307"}],"wp:attachment":[{"href":"https:\/\/philomene-services.fr\/index.php?rest_route=%2Fwp%2Fv2%2Fmedia&parent=46"}],"curies":[{"name":"wp","href":"https:\/\/api.w.org\/{rel}","templated":true}]}}