{"id":48,"date":"2025-08-19T10:04:34","date_gmt":"2025-08-19T08:04:34","guid":{"rendered":"https:\/\/philomene-services.fr\/?page_id=48"},"modified":"2025-08-19T17:23:56","modified_gmt":"2025-08-19T15:23:56","slug":"nos-philomene","status":"publish","type":"page","link":"https:\/\/philomene-services.fr\/?page_id=48","title":{"rendered":"Nos Philom\u00e8ne"},"content":{"rendered":"\t\t<div data-elementor-type=\"wp-page\" data-elementor-id=\"48\" class=\"elementor elementor-48\">\n\t\t\t\t<div class=\"elementor-element elementor-element-4b6d991 e-flex e-con-boxed e-con e-parent\" data-id=\"4b6d991\" data-element_type=\"container\">\n\t\t\t\t\t<div class=\"e-con-inner\">\n\t\t\t\t<div class=\"elementor-element elementor-element-09de9de elementor-widget elementor-widget-spacer\" data-id=\"09de9de\" data-element_type=\"widget\" data-widget_type=\"spacer.default\">\n\t\t\t\t\t\t\t<div class=\"elementor-spacer\">\n\t\t\t<div class=\"elementor-spacer-inner\"><\/div>\n\t\t<\/div>\n\t\t\t\t\t\t<\/div>\n\t\t\t\t\t<\/div>\n\t\t\t\t<\/div>\n\t\t<div class=\"elementor-element elementor-element-08ef37e e-flex e-con-boxed e-con e-parent\" data-id=\"08ef37e\" data-element_type=\"container\" data-settings=\"{&quot;background_background&quot;:&quot;slideshow&quot;,&quot;background_slideshow_gallery&quot;:[{&quot;id&quot;:152,&quot;url&quot;:&quot;https:\\\/\\\/philomene-services.fr\\\/wp-content\\\/uploads\\\/2025\\\/08\\\/Philomene-services-a-domicile-toulouse-conciergerie-calme-apaisement-famille-menage-repassage-gouvernante-EQUIPE-15-1.png&quot;}],&quot;background_slideshow_loop&quot;:&quot;yes&quot;,&quot;background_slideshow_slide_duration&quot;:5000,&quot;background_slideshow_slide_transition&quot;:&quot;fade&quot;,&quot;background_slideshow_transition_duration&quot;:500}\">\n\t\t\t\t\t<div class=\"e-con-inner\">\n\t\t\t\t<div class=\"elementor-element elementor-element-22d6b30 elementor-widget elementor-widget-spacer\" data-id=\"22d6b30\" data-element_type=\"widget\" data-widget_type=\"spacer.default\">\n\t\t\t\t\t\t\t<div class=\"elementor-spacer\">\n\t\t\t<div class=\"elementor-spacer-inner\"><\/div>\n\t\t<\/div>\n\t\t\t\t\t\t<\/div>\n\t\t\t\t<div class=\"elementor-element elementor-element-f1b651b elementor-widget elementor-widget-heading\" data-id=\"f1b651b\" data-element_type=\"widget\" data-widget_type=\"heading.default\">\n\t\t\t\t\t<h2 class=\"elementor-heading-title elementor-size-default\">Qui sont nos Philom\u00e8ne ?<\/h2>\t\t\t\t<\/div>\n\t\t\t\t\t<\/div>\n\t\t\t\t<\/div>\n\t\t<div class=\"elementor-element elementor-element-f914e8d e-flex e-con-boxed e-con e-parent\" data-id=\"f914e8d\" data-element_type=\"container\">\n\t\t\t\t\t<div class=\"e-con-inner\">\n\t\t\t\t<div class=\"elementor-element elementor-element-b1089c5 elementor-widget elementor-widget-spacer\" data-id=\"b1089c5\" data-element_type=\"widget\" data-widget_type=\"spacer.default\">\n\t\t\t\t\t\t\t<div class=\"elementor-spacer\">\n\t\t\t<div class=\"elementor-spacer-inner\"><\/div>\n\t\t<\/div>\n\t\t\t\t\t\t<\/div>\n\t\t\t\t\t<\/div>\n\t\t\t\t<\/div>\n\t\t<div class=\"elementor-element elementor-element-879bbbb e-flex e-con-boxed e-con e-parent\" data-id=\"879bbbb\" data-element_type=\"container\">\n\t\t\t\t\t<div class=\"e-con-inner\">\n\t\t<div class=\"elementor-element elementor-element-e10a05a e-con-full e-flex e-con e-child\" data-id=\"e10a05a\" data-element_type=\"container\">\n\t\t\t\t<div class=\"elementor-element elementor-element-545be64 elementor-widget elementor-widget-text-editor\" data-id=\"545be64\" data-element_type=\"widget\" data-widget_type=\"text-editor.default\">\n\t\t\t\t\t\t\t\t\t<p class=\"p1\">Exigeant.es et perfectionnistes, vos intervenants sont \u00e9tudiants, jeunes retrait\u00e9s, m\u00e8res de famille, \u00a0actifs voire hyper actifs.<\/p><p class=\"p1\">Nous mettons tout en \u0153uvre pour leur permettre de vivre dignement de leur travail, un salaire horaire au-dessus du SMIC, des prestations organis\u00e9es afin de limiter leurs d\u00e9placements, etc\u2026<\/p>\t\t\t\t\t\t\t\t<\/div>\n\t\t\t\t<\/div>\n\t\t<div class=\"elementor-element elementor-element-040276c e-con-full e-flex e-con e-child\" data-id=\"040276c\" data-element_type=\"container\">\n\t\t\t\t<div class=\"elementor-element elementor-element-cfdbc4e elementor-widget elementor-widget-image\" data-id=\"cfdbc4e\" data-element_type=\"widget\" data-widget_type=\"image.default\">\n\t\t\t\t\t\t\t\t\t\t\t\t\t\t\t<img fetchpriority=\"high\" decoding=\"async\" width=\"800\" height=\"534\" src=\"https:\/\/philomene-services.fr\/wp-content\/uploads\/2025\/08\/SALARIES-PHILOMENE-SERVICES-AIDE-A-DOMICILE-TOULOUSE.png\" class=\"attachment-large size-large wp-image-156\" alt=\"\" srcset=\"https:\/\/philomene-services.fr\/wp-content\/uploads\/2025\/08\/SALARIES-PHILOMENE-SERVICES-AIDE-A-DOMICILE-TOULOUSE.png 800w, https:\/\/philomene-services.fr\/wp-content\/uploads\/2025\/08\/SALARIES-PHILOMENE-SERVICES-AIDE-A-DOMICILE-TOULOUSE-300x200.png 300w, https:\/\/philomene-services.fr\/wp-content\/uploads\/2025\/08\/SALARIES-PHILOMENE-SERVICES-AIDE-A-DOMICILE-TOULOUSE-768x513.png 768w\" sizes=\"(max-width: 800px) 100vw, 800px\" \/>\t\t\t\t\t\t\t\t\t\t\t\t\t\t\t<\/div>\n\t\t\t\t<\/div>\n\t\t<div class=\"elementor-element elementor-element-dfd4f67 e-con-full e-flex e-con e-child\" data-id=\"dfd4f67\" data-element_type=\"container\">\n\t\t\t\t<div class=\"elementor-element elementor-element-1a5e21c elementor-widget elementor-widget-text-editor\" data-id=\"1a5e21c\" data-element_type=\"widget\" data-widget_type=\"text-editor.default\">\n\t\t\t\t\t\t\t\t\t<p class=\"p1\">Pour cela nous travaillons conjointement avec tous nos clients pour anticiper au maximum vos absences, report de prestations afin de garantir un salaire fixe \u00e0 tous nos salari\u00e9s.<\/p><p class=\"p1\">Les m\u00e9tiers de la propret\u00e9 sont des m\u00e9tiers \u00e0 part enti\u00e8re et nos Philom\u00e8ne doivent pouvoir vivre dignement de leur travail.<\/p>\t\t\t\t\t\t\t\t<\/div>\n\t\t\t\t<\/div>\n\t\t\t\t\t<\/div>\n\t\t\t\t<\/div>\n\t\t<div class=\"elementor-element elementor-element-b01f6b5 e-flex e-con-boxed e-con e-parent\" data-id=\"b01f6b5\" data-element_type=\"container\">\n\t\t\t\t\t<div class=\"e-con-inner\">\n\t\t\t\t<div class=\"elementor-element elementor-element-77a2206 elementor-widget elementor-widget-text-editor\" data-id=\"77a2206\" data-element_type=\"widget\" data-widget_type=\"text-editor.default\">\n\t\t\t\t\t\t\t\t\t<p class=\"p1\">C\u2019est gr\u00e2ce \u00e0 vous que nous pouvons \u0153uvrer pour que nos m\u00e9tiers soient reconnus \u00e0 leur juste valeur.<\/p>\t\t\t\t\t\t\t\t<\/div>\n\t\t\t\t\t<\/div>\n\t\t\t\t<\/div>\n\t\t<div class=\"elementor-element elementor-element-7e332ba e-flex e-con-boxed e-con e-parent\" data-id=\"7e332ba\" data-element_type=\"container\">\n\t\t\t\t\t<div class=\"e-con-inner\">\n\t\t\t\t<div class=\"elementor-element elementor-element-9e35a4e elementor-widget elementor-widget-spacer\" data-id=\"9e35a4e\" data-element_type=\"widget\" data-widget_type=\"spacer.default\">\n\t\t\t\t\t\t\t<div class=\"elementor-spacer\">\n\t\t\t<div class=\"elementor-spacer-inner\"><\/div>\n\t\t<\/div>\n\t\t\t\t\t\t<\/div>\n\t\t\t\t\t<\/div>\n\t\t\t\t<\/div>\n\t\t\t\t<\/div>\n\t\t","protected":false},"excerpt":{"rendered":"<p>Qui sont nos Philom\u00e8ne ? Exigeant.es et perfectionnistes, vos intervenants sont \u00e9tudiants, jeunes retrait\u00e9s, m\u00e8res de famille, \u00a0actifs voire hyper actifs. Nous mettons tout en \u0153uvre pour leur permettre de vivre dignement de leur travail, un salaire horaire au-dessus du SMIC, des prestations organis\u00e9es afin de limiter leurs d\u00e9placements, etc\u2026 Pour cela nous travaillons conjointement&hellip;&nbsp;<a href=\"https:\/\/philomene-services.fr\/?page_id=48\" rel=\"bookmark\"><span class=\"screen-reader-text\">Nos Philom\u00e8ne<\/span><\/a><\/p>\n","protected":false},"author":2,"featured_media":0,"parent":0,"menu_order":0,"comment_status":"closed","ping_status":"closed","template":"page-templates\/template-pagebuilder-full-width.php","meta":{"neve_meta_sidebar":"","neve_meta_container":"","neve_meta_enable_content_width":"","neve_meta_content_width":0,"neve_meta_title_alignment":"","neve_meta_author_avatar":"","neve_post_elements_order":"","neve_meta_disable_header":"","neve_meta_disable_footer":"","neve_meta_disable_title":"","footnotes":""},"class_list":["post-48","page","type-page","status-publish","hentry"],"_links":{"self":[{"href":"https:\/\/philomene-services.fr\/index.php?rest_route=\/wp\/v2\/pages\/48","targetHints":{"allow":["GET"]}}],"collection":[{"href":"https:\/\/philomene-services.fr\/index.php?rest_route=\/wp\/v2\/pages"}],"about":[{"href":"https:\/\/philomene-services.fr\/index.php?rest_route=\/wp\/v2\/types\/page"}],"author":[{"embeddable":true,"href":"https:\/\/philomene-services.fr\/index.php?rest_route=\/wp\/v2\/users\/2"}],"replies":[{"embeddable":true,"href":"https:\/\/philomene-services.fr\/index.php?rest_route=%2Fwp%2Fv2%2Fcomments&post=48"}],"version-history":[{"count":7,"href":"https:\/\/philomene-services.fr\/index.php?rest_route=\/wp\/v2\/pages\/48\/revisions"}],"predecessor-version":[{"id":196,"href":"https:\/\/philomene-services.fr\/index.php?rest_route=\/wp\/v2\/pages\/48\/revisions\/196"}],"wp:attachment":[{"href":"https:\/\/philomene-services.fr\/index.php?rest_route=%2Fwp%2Fv2%2Fmedia&parent=48"}],"curies":[{"name":"wp","href":"https:\/\/api.w.org\/{rel}","templated":true}]}}