{"id":50,"date":"2025-08-19T10:04:44","date_gmt":"2025-08-19T08:04:44","guid":{"rendered":"https:\/\/philomene-services.fr\/?page_id=50"},"modified":"2025-08-21T18:56:50","modified_gmt":"2025-08-21T16:56:50","slug":"tarifs","status":"publish","type":"page","link":"https:\/\/philomene-services.fr\/?page_id=50","title":{"rendered":"Tarifs"},"content":{"rendered":"\t\t<div data-elementor-type=\"wp-page\" data-elementor-id=\"50\" class=\"elementor elementor-50\">\n\t\t\t\t<div class=\"elementor-element elementor-element-7c11831 e-flex e-con-boxed e-con e-parent\" data-id=\"7c11831\" data-element_type=\"container\">\n\t\t\t\t\t<div class=\"e-con-inner\">\n\t\t\t\t<div class=\"elementor-element elementor-element-54de612 elementor-widget elementor-widget-spacer\" data-id=\"54de612\" data-element_type=\"widget\" data-widget_type=\"spacer.default\">\n\t\t\t\t\t\t\t<div class=\"elementor-spacer\">\n\t\t\t<div class=\"elementor-spacer-inner\"><\/div>\n\t\t<\/div>\n\t\t\t\t\t\t<\/div>\n\t\t\t\t\t<\/div>\n\t\t\t\t<\/div>\n\t\t<div class=\"elementor-element elementor-element-a697cfd e-flex e-con-boxed e-con e-parent\" data-id=\"a697cfd\" data-element_type=\"container\" data-settings=\"{&quot;background_background&quot;:&quot;slideshow&quot;,&quot;background_slideshow_gallery&quot;:[{&quot;id&quot;:160,&quot;url&quot;:&quot;https:\\\/\\\/philomene-services.fr\\\/wp-content\\\/uploads\\\/2025\\\/08\\\/tarifs-entretien-menage-domicile-femme-de-menage-toulouse-philomene-services-conciergerie-nettoyage.png&quot;}],&quot;background_slideshow_loop&quot;:&quot;yes&quot;,&quot;background_slideshow_slide_duration&quot;:5000,&quot;background_slideshow_slide_transition&quot;:&quot;fade&quot;,&quot;background_slideshow_transition_duration&quot;:500}\">\n\t\t\t\t\t<div class=\"e-con-inner\">\n\t\t<div class=\"elementor-element elementor-element-96299f9 e-con-full e-flex e-con e-child\" data-id=\"96299f9\" data-element_type=\"container\">\n\t\t\t\t<div class=\"elementor-element elementor-element-b5fa114 elementor-widget elementor-widget-heading\" data-id=\"b5fa114\" data-element_type=\"widget\" data-widget_type=\"heading.default\">\n\t\t\t\t\t<h2 class=\"elementor-heading-title elementor-size-default\">Nos tarifs<\/h2>\t\t\t\t<\/div>\n\t\t\t\t<\/div>\n\t\t<div class=\"elementor-element elementor-element-684f52b e-con-full e-flex e-con e-child\" data-id=\"684f52b\" data-element_type=\"container\">\n\t\t\t\t<div class=\"elementor-element elementor-element-450fbe5 elementor-widget elementor-widget-text-editor\" data-id=\"450fbe5\" data-element_type=\"widget\" data-widget_type=\"text-editor.default\">\n\t\t\t\t\t\t\t\t\t<ul><li class=\"p1\"><strong>Un seul tarif 30\u20ac\/h (soit 15\u20ac apr\u00e8s d\u00e9duction fiscale de 50%), sans niveaux de prestation, c\u2019est la philosophie de Philom\u00e8ne.<\/strong><\/li><li class=\"p1\"><strong>Une expertise de vos besoins, nos pr\u00e9conisations et une \u00e9tude gratuite.<\/strong><\/li><li class=\"p1\"><strong>Une r\u00e9ponse rapide et claire.<\/strong><\/li><\/ul><p class=\"p1\"><br \/>Vous avez la possibilit\u00e9 de r\u00e9gler par virement, ch\u00e8que, pr\u00e9l\u00e8vement, ch\u00e8ques pr\u00e9financ\u00e9s CESU et pouvez b\u00e9n\u00e9ficier de l\u2019avance imm\u00e9diate de cr\u00e9dit imp\u00f4t (depuis septembre 2023).<\/p><p class=\"p1\"><strong>Contactez-nous par t\u00e9l\u00e9phone au <a href=\"http:\/\/0562897507\" data-wplink-url-error=\"true\">05 62 89 75 07<\/a> ou <a href=\"http:\/\/0779715974\" data-wplink-url-error=\"true\">07 79 71 59 74<\/a> ou par mail <a href=\"mailto:contact@philomene-services.fr\">contact@philomene-services.fr<\/a><\/strong><\/p>\t\t\t\t\t\t\t\t<\/div>\n\t\t\t\t<div class=\"elementor-element elementor-element-babf8ba elementor-widget elementor-widget-spacer\" data-id=\"babf8ba\" data-element_type=\"widget\" data-widget_type=\"spacer.default\">\n\t\t\t\t\t\t\t<div class=\"elementor-spacer\">\n\t\t\t<div class=\"elementor-spacer-inner\"><\/div>\n\t\t<\/div>\n\t\t\t\t\t\t<\/div>\n\t\t\t\t<div class=\"elementor-element elementor-element-7ea40af elementor-widget elementor-widget-image\" data-id=\"7ea40af\" data-element_type=\"widget\" data-widget_type=\"image.default\">\n\t\t\t\t\t\t\t\t\t\t\t\t\t\t\t<img fetchpriority=\"high\" decoding=\"async\" width=\"587\" height=\"135\" src=\"https:\/\/philomene-services.fr\/wp-content\/uploads\/2025\/08\/SAP-DEDUCTION-50.jpg\" class=\"attachment-large size-large wp-image-163\" alt=\"\" srcset=\"https:\/\/philomene-services.fr\/wp-content\/uploads\/2025\/08\/SAP-DEDUCTION-50.jpg 587w, https:\/\/philomene-services.fr\/wp-content\/uploads\/2025\/08\/SAP-DEDUCTION-50-300x69.jpg 300w\" sizes=\"(max-width: 587px) 100vw, 587px\" \/>\t\t\t\t\t\t\t\t\t\t\t\t\t\t\t<\/div>\n\t\t\t\t<div class=\"elementor-element elementor-element-1890e72 elementor-widget elementor-widget-image\" data-id=\"1890e72\" data-element_type=\"widget\" data-widget_type=\"image.default\">\n\t\t\t\t\t\t\t\t\t\t\t\t\t\t\t<img decoding=\"async\" width=\"1024\" height=\"304\" src=\"https:\/\/philomene-services.fr\/wp-content\/uploads\/2025\/08\/logo_fedesap_horizontal_rvb-1024x304.jpg\" class=\"attachment-large size-large wp-image-162\" alt=\"\" srcset=\"https:\/\/philomene-services.fr\/wp-content\/uploads\/2025\/08\/logo_fedesap_horizontal_rvb-1024x304.jpg 1024w, https:\/\/philomene-services.fr\/wp-content\/uploads\/2025\/08\/logo_fedesap_horizontal_rvb-300x89.jpg 300w, https:\/\/philomene-services.fr\/wp-content\/uploads\/2025\/08\/logo_fedesap_horizontal_rvb-768x228.jpg 768w, https:\/\/philomene-services.fr\/wp-content\/uploads\/2025\/08\/logo_fedesap_horizontal_rvb-1536x455.jpg 1536w, https:\/\/philomene-services.fr\/wp-content\/uploads\/2025\/08\/logo_fedesap_horizontal_rvb.jpg 1899w\" sizes=\"(max-width: 1024px) 100vw, 1024px\" \/>\t\t\t\t\t\t\t\t\t\t\t\t\t\t\t<\/div>\n\t\t\t\t<div class=\"elementor-element elementor-element-e7eca4d elementor-widget elementor-widget-image\" data-id=\"e7eca4d\" data-element_type=\"widget\" data-widget_type=\"image.default\">\n\t\t\t\t\t\t\t\t\t\t\t\t\t\t\t\t<a href=\"https:\/\/www.a2bk.fr\/\">\n\t\t\t\t\t\t\t<img decoding=\"async\" width=\"592\" height=\"247\" src=\"https:\/\/philomene-services.fr\/wp-content\/uploads\/2025\/08\/Logo-A2BK.png\" class=\"attachment-large size-large wp-image-161\" alt=\"\" srcset=\"https:\/\/philomene-services.fr\/wp-content\/uploads\/2025\/08\/Logo-A2BK.png 592w, https:\/\/philomene-services.fr\/wp-content\/uploads\/2025\/08\/Logo-A2BK-300x125.png 300w\" sizes=\"(max-width: 592px) 100vw, 592px\" \/>\t\t\t\t\t\t\t\t<\/a>\n\t\t\t\t\t\t\t\t\t\t\t\t\t\t\t<\/div>\n\t\t\t\t<\/div>\n\t\t\t\t\t<\/div>\n\t\t\t\t<\/div>\n\t\t\t\t<\/div>\n\t\t","protected":false},"excerpt":{"rendered":"<p>Nos tarifs Un seul tarif 30\u20ac\/h (soit 15\u20ac apr\u00e8s d\u00e9duction fiscale de 50%), sans niveaux de prestation, c\u2019est la philosophie de Philom\u00e8ne. Une expertise de vos besoins, nos pr\u00e9conisations et une \u00e9tude gratuite. Une r\u00e9ponse rapide et claire. Vous avez la possibilit\u00e9 de r\u00e9gler par virement, ch\u00e8que, pr\u00e9l\u00e8vement, ch\u00e8ques pr\u00e9financ\u00e9s CESU et pouvez b\u00e9n\u00e9ficier de&hellip;&nbsp;<a href=\"https:\/\/philomene-services.fr\/?page_id=50\" rel=\"bookmark\"><span class=\"screen-reader-text\">Tarifs<\/span><\/a><\/p>\n","protected":false},"author":2,"featured_media":0,"parent":0,"menu_order":0,"comment_status":"closed","ping_status":"closed","template":"page-templates\/template-pagebuilder-full-width.php","meta":{"neve_meta_sidebar":"","neve_meta_container":"","neve_meta_enable_content_width":"","neve_meta_content_width":0,"neve_meta_title_alignment":"","neve_meta_author_avatar":"","neve_post_elements_order":"","neve_meta_disable_header":"","neve_meta_disable_footer":"","neve_meta_disable_title":"","footnotes":""},"class_list":["post-50","page","type-page","status-publish","hentry"],"_links":{"self":[{"href":"https:\/\/philomene-services.fr\/index.php?rest_route=\/wp\/v2\/pages\/50","targetHints":{"allow":["GET"]}}],"collection":[{"href":"https:\/\/philomene-services.fr\/index.php?rest_route=\/wp\/v2\/pages"}],"about":[{"href":"https:\/\/philomene-services.fr\/index.php?rest_route=\/wp\/v2\/types\/page"}],"author":[{"embeddable":true,"href":"https:\/\/philomene-services.fr\/index.php?rest_route=\/wp\/v2\/users\/2"}],"replies":[{"embeddable":true,"href":"https:\/\/philomene-services.fr\/index.php?rest_route=%2Fwp%2Fv2%2Fcomments&post=50"}],"version-history":[{"count":22,"href":"https:\/\/philomene-services.fr\/index.php?rest_route=\/wp\/v2\/pages\/50\/revisions"}],"predecessor-version":[{"id":304,"href":"https:\/\/philomene-services.fr\/index.php?rest_route=\/wp\/v2\/pages\/50\/revisions\/304"}],"wp:attachment":[{"href":"https:\/\/philomene-services.fr\/index.php?rest_route=%2Fwp%2Fv2%2Fmedia&parent=50"}],"curies":[{"name":"wp","href":"https:\/\/api.w.org\/{rel}","templated":true}]}}