{"id":8,"date":"2025-08-19T09:49:42","date_gmt":"2025-08-19T07:49:42","guid":{"rendered":"https:\/\/philomene-services.fr\/?page_id=8"},"modified":"2025-08-20T16:38:43","modified_gmt":"2025-08-20T14:38:43","slug":"accueil","status":"publish","type":"page","link":"https:\/\/philomene-services.fr\/","title":{"rendered":"Accueil"},"content":{"rendered":"\t\t<div data-elementor-type=\"wp-page\" data-elementor-id=\"8\" class=\"elementor elementor-8\">\n\t\t\t\t<div class=\"elementor-element elementor-element-32aedb9 e-flex e-con-boxed e-con e-parent\" data-id=\"32aedb9\" data-element_type=\"container\">\n\t\t\t\t\t<div class=\"e-con-inner\">\n\t\t\t\t<div class=\"elementor-element elementor-element-56718a4 elementor-widget elementor-widget-spacer\" data-id=\"56718a4\" data-element_type=\"widget\" data-widget_type=\"spacer.default\">\n\t\t\t\t\t\t\t<div class=\"elementor-spacer\">\n\t\t\t<div class=\"elementor-spacer-inner\"><\/div>\n\t\t<\/div>\n\t\t\t\t\t\t<\/div>\n\t\t\t\t<div class=\"elementor-element elementor-element-c70ab25 elementor-widget elementor-widget-heading\" data-id=\"c70ab25\" data-element_type=\"widget\" data-widget_type=\"heading.default\">\n\t\t\t\t\t<h2 class=\"elementor-heading-title elementor-size-default\">Entretien de votre domicile - Repassage - Gouvernante - Conciergerie<\/h2>\t\t\t\t<\/div>\n\t\t\t\t<div class=\"elementor-element elementor-element-0a701ee elementor-widget elementor-widget-heading\" data-id=\"0a701ee\" data-element_type=\"widget\" data-widget_type=\"heading.default\">\n\t\t\t\t\t<h2 class=\"elementor-heading-title elementor-size-default\">Toulouse et tous environs<\/h2>\t\t\t\t<\/div>\n\t\t\t\t\t<\/div>\n\t\t\t\t<\/div>\n\t\t<div class=\"elementor-element elementor-element-7d9dbb5 e-flex e-con-boxed e-con e-parent\" data-id=\"7d9dbb5\" data-element_type=\"container\">\n\t\t\t\t\t<div class=\"e-con-inner\">\n\t\t\t\t<div class=\"elementor-element elementor-element-aba3f0a elementor-widget elementor-widget-spacer\" data-id=\"aba3f0a\" data-element_type=\"widget\" data-widget_type=\"spacer.default\">\n\t\t\t\t\t\t\t<div class=\"elementor-spacer\">\n\t\t\t<div class=\"elementor-spacer-inner\"><\/div>\n\t\t<\/div>\n\t\t\t\t\t\t<\/div>\n\t\t\t\t\t<\/div>\n\t\t\t\t<\/div>\n\t\t<div class=\"elementor-element elementor-element-e38fc26 elementor-hidden-mobile e-flex e-con-boxed e-con e-parent\" data-id=\"e38fc26\" data-element_type=\"container\" data-settings=\"{&quot;background_background&quot;:&quot;classic&quot;}\">\n\t\t\t\t\t<div class=\"e-con-inner\">\n\t\t<a class=\"elementor-element elementor-element-c1a3ef1 e-con-full e-flex e-con e-child\" data-id=\"c1a3ef1\" data-element_type=\"container\" data-settings=\"{&quot;background_background&quot;:&quot;slideshow&quot;,&quot;background_slideshow_gallery&quot;:[{&quot;id&quot;:69,&quot;url&quot;:&quot;https:\\\/\\\/philomene-services.fr\\\/wp-content\\\/uploads\\\/2025\\\/08\\\/Philomene-services-a-domicile-toulouse-conciergerie-calme-apaisement-famille-menage-repassage-gouvernante-4.png&quot;}],&quot;background_slideshow_loop&quot;:&quot;yes&quot;,&quot;background_slideshow_slide_duration&quot;:5000,&quot;background_slideshow_slide_transition&quot;:&quot;fade&quot;,&quot;background_slideshow_transition_duration&quot;:500}\" href=\"https:\/\/philomene-services.fr\/?page_id=42\">\n\t\t\t\t<div class=\"elementor-element elementor-element-af3d97b elementor-widget elementor-widget-text-editor\" data-id=\"af3d97b\" data-element_type=\"widget\" data-widget_type=\"text-editor.default\">\n\t\t\t\t\t\t\t\t\t<p>La petite histoire de Philom\u00e8ne&#8230;<\/p>\t\t\t\t\t\t\t\t<\/div>\n\t\t\t\t<\/a>\n\t\t<a class=\"elementor-element elementor-element-95238d6 e-con-full e-flex e-con e-child\" data-id=\"95238d6\" data-element_type=\"container\" data-settings=\"{&quot;background_background&quot;:&quot;slideshow&quot;,&quot;background_slideshow_gallery&quot;:[{&quot;id&quot;:74,&quot;url&quot;:&quot;https:\\\/\\\/philomene-services.fr\\\/wp-content\\\/uploads\\\/2025\\\/08\\\/Philomene-services-a-domicile-toulouse-conciergerie-calme-apaisement-famille-menage-repassage-gouvernante-3.png&quot;}],&quot;background_slideshow_loop&quot;:&quot;yes&quot;,&quot;background_slideshow_slide_duration&quot;:5000,&quot;background_slideshow_slide_transition&quot;:&quot;fade&quot;,&quot;background_slideshow_transition_duration&quot;:500}\" href=\"https:\/\/philomene-services.fr\/?page_id=44\">\n\t\t\t\t<div class=\"elementor-element elementor-element-a463552 elementor-widget elementor-widget-text-editor\" data-id=\"a463552\" data-element_type=\"widget\" data-widget_type=\"text-editor.default\">\n\t\t\t\t\t\t\t\t\t<p>La philosophie selon Philom\u00e8ne&#8230;<br \/>Notre concept<\/p>\t\t\t\t\t\t\t\t<\/div>\n\t\t\t\t<\/a>\n\t\t<a class=\"elementor-element elementor-element-e12a376 e-con-full e-flex e-con e-child\" data-id=\"e12a376\" data-element_type=\"container\" data-settings=\"{&quot;background_background&quot;:&quot;slideshow&quot;,&quot;background_slideshow_gallery&quot;:[{&quot;id&quot;:75,&quot;url&quot;:&quot;https:\\\/\\\/philomene-services.fr\\\/wp-content\\\/uploads\\\/2025\\\/08\\\/Philomene-services-a-domicile-toulouse-conciergerie-calme-apaisement-famille-menage-repassage-gouvernante-11.png&quot;}],&quot;background_slideshow_loop&quot;:&quot;yes&quot;,&quot;background_slideshow_slide_duration&quot;:5000,&quot;background_slideshow_slide_transition&quot;:&quot;fade&quot;,&quot;background_slideshow_transition_duration&quot;:500}\" href=\"https:\/\/philomene-services.fr\/?page_id=46\">\n\t\t\t\t<div class=\"elementor-element elementor-element-461a940 elementor-widget elementor-widget-text-editor\" data-id=\"461a940\" data-element_type=\"widget\" data-widget_type=\"text-editor.default\">\n\t\t\t\t\t\t\t\t\t<p>Respirez&#8230; On s&rsquo;occupe de tout !<\/p>\t\t\t\t\t\t\t\t<\/div>\n\t\t\t\t<\/a>\n\t\t\t\t\t<\/div>\n\t\t\t\t<\/div>\n\t\t<div class=\"elementor-element elementor-element-07eb46e elementor-hidden-mobile e-flex e-con-boxed e-con e-parent\" data-id=\"07eb46e\" data-element_type=\"container\" data-settings=\"{&quot;background_background&quot;:&quot;classic&quot;}\">\n\t\t\t\t\t<div class=\"e-con-inner\">\n\t\t<a class=\"elementor-element elementor-element-958ca8e e-con-full e-flex e-con e-child\" data-id=\"958ca8e\" data-element_type=\"container\" data-settings=\"{&quot;background_background&quot;:&quot;slideshow&quot;,&quot;background_slideshow_gallery&quot;:[{&quot;id&quot;:76,&quot;url&quot;:&quot;https:\\\/\\\/philomene-services.fr\\\/wp-content\\\/uploads\\\/2025\\\/08\\\/Philomene-services-a-domicile-toulouse-conciergerie-calme-apaisement-famille-menage-repassage-gouvernante-EQUIPE-15.png&quot;}],&quot;background_slideshow_loop&quot;:&quot;yes&quot;,&quot;background_slideshow_slide_duration&quot;:5000,&quot;background_slideshow_slide_transition&quot;:&quot;fade&quot;,&quot;background_slideshow_transition_duration&quot;:500}\" href=\"https:\/\/philomene-services.fr\/?page_id=48\">\n\t\t\t\t<div class=\"elementor-element elementor-element-9abe94b elementor-widget elementor-widget-text-editor\" data-id=\"9abe94b\" data-element_type=\"widget\" data-widget_type=\"text-editor.default\">\n\t\t\t\t\t\t\t\t\t<p>Qui sont nos Philom\u00e8ne ?<\/p>\t\t\t\t\t\t\t\t<\/div>\n\t\t\t\t<\/a>\n\t\t<a class=\"elementor-element elementor-element-008c9b2 e-con-full e-flex e-con e-child\" data-id=\"008c9b2\" data-element_type=\"container\" data-settings=\"{&quot;background_background&quot;:&quot;slideshow&quot;,&quot;background_slideshow_gallery&quot;:[{&quot;id&quot;:160,&quot;url&quot;:&quot;https:\\\/\\\/philomene-services.fr\\\/wp-content\\\/uploads\\\/2025\\\/08\\\/tarifs-entretien-menage-domicile-femme-de-menage-toulouse-philomene-services-conciergerie-nettoyage.png&quot;}],&quot;background_slideshow_loop&quot;:&quot;yes&quot;,&quot;background_slideshow_slide_duration&quot;:5000,&quot;background_slideshow_slide_transition&quot;:&quot;fade&quot;,&quot;background_slideshow_transition_duration&quot;:500}\" href=\"https:\/\/philomene-services.fr\/?page_id=50\">\n\t\t\t\t<div class=\"elementor-element elementor-element-28e0683 elementor-widget elementor-widget-text-editor\" data-id=\"28e0683\" data-element_type=\"widget\" data-widget_type=\"text-editor.default\">\n\t\t\t\t\t\t\t\t\t<p>Nos tarifs<\/p>\t\t\t\t\t\t\t\t<\/div>\n\t\t\t\t<\/a>\n\t\t<a class=\"elementor-element elementor-element-f005ecc e-con-full e-flex e-con e-child\" data-id=\"f005ecc\" data-element_type=\"container\" data-settings=\"{&quot;background_background&quot;:&quot;slideshow&quot;,&quot;background_slideshow_gallery&quot;:[{&quot;id&quot;:78,&quot;url&quot;:&quot;https:\\\/\\\/philomene-services.fr\\\/wp-content\\\/uploads\\\/2025\\\/08\\\/Philomene-services-a-domicile-toulouse-conciergerie-calme-apaisement-famille-menage-repassage-gouvernante-CONTACT14.png&quot;}],&quot;background_slideshow_loop&quot;:&quot;yes&quot;,&quot;background_slideshow_slide_duration&quot;:5000,&quot;background_slideshow_slide_transition&quot;:&quot;fade&quot;,&quot;background_slideshow_transition_duration&quot;:500}\" href=\"https:\/\/philomene-services.fr\/?page_id=52\">\n\t\t\t\t<div class=\"elementor-element elementor-element-34b1148 elementor-widget elementor-widget-text-editor\" data-id=\"34b1148\" data-element_type=\"widget\" data-widget_type=\"text-editor.default\">\n\t\t\t\t\t\t\t\t\t<p>Contactez-nous<\/p>\t\t\t\t\t\t\t\t<\/div>\n\t\t\t\t<\/a>\n\t\t\t\t\t<\/div>\n\t\t\t\t<\/div>\n\t\t<div class=\"elementor-element elementor-element-eabba4e elementor-hidden-desktop elementor-hidden-tablet e-flex e-con-boxed e-con e-parent\" data-id=\"eabba4e\" data-element_type=\"container\">\n\t\t\t\t\t<div class=\"e-con-inner\">\n\t\t<a class=\"elementor-element elementor-element-fab4bdf e-con-full e-flex e-con e-child\" data-id=\"fab4bdf\" data-element_type=\"container\" data-settings=\"{&quot;background_background&quot;:&quot;slideshow&quot;,&quot;background_slideshow_gallery&quot;:[{&quot;id&quot;:69,&quot;url&quot;:&quot;https:\\\/\\\/philomene-services.fr\\\/wp-content\\\/uploads\\\/2025\\\/08\\\/Philomene-services-a-domicile-toulouse-conciergerie-calme-apaisement-famille-menage-repassage-gouvernante-4.png&quot;}],&quot;background_slideshow_loop&quot;:&quot;yes&quot;,&quot;background_slideshow_slide_duration&quot;:5000,&quot;background_slideshow_slide_transition&quot;:&quot;fade&quot;,&quot;background_slideshow_transition_duration&quot;:500}\" href=\"https:\/\/philomene-services.fr\/?page_id=42\">\n\t\t\t\t<div class=\"elementor-element elementor-element-524de88 elementor-widget elementor-widget-text-editor\" data-id=\"524de88\" data-element_type=\"widget\" data-widget_type=\"text-editor.default\">\n\t\t\t\t\t\t\t\t\t<p>La petite histoire de Philom\u00e8ne&#8230;<\/p>\t\t\t\t\t\t\t\t<\/div>\n\t\t\t\t<\/a>\n\t\t\t\t\t<\/div>\n\t\t\t\t<\/div>\n\t\t<div class=\"elementor-element elementor-element-a48c0d3 elementor-hidden-desktop elementor-hidden-tablet e-flex e-con-boxed e-con e-parent\" data-id=\"a48c0d3\" data-element_type=\"container\">\n\t\t\t\t\t<div class=\"e-con-inner\">\n\t\t<a class=\"elementor-element elementor-element-203508d e-con-full e-flex e-con e-child\" data-id=\"203508d\" data-element_type=\"container\" data-settings=\"{&quot;background_background&quot;:&quot;slideshow&quot;,&quot;background_slideshow_gallery&quot;:[{&quot;id&quot;:74,&quot;url&quot;:&quot;https:\\\/\\\/philomene-services.fr\\\/wp-content\\\/uploads\\\/2025\\\/08\\\/Philomene-services-a-domicile-toulouse-conciergerie-calme-apaisement-famille-menage-repassage-gouvernante-3.png&quot;}],&quot;background_slideshow_loop&quot;:&quot;yes&quot;,&quot;background_slideshow_slide_duration&quot;:5000,&quot;background_slideshow_slide_transition&quot;:&quot;fade&quot;,&quot;background_slideshow_transition_duration&quot;:500}\" href=\"https:\/\/philomene-services.fr\/?page_id=44\">\n\t\t\t\t<div class=\"elementor-element elementor-element-1be26ba elementor-widget elementor-widget-text-editor\" data-id=\"1be26ba\" data-element_type=\"widget\" data-widget_type=\"text-editor.default\">\n\t\t\t\t\t\t\t\t\t<p>La philosophie selon Philom\u00e8ne&#8230;<br \/>Notre concept<\/p>\t\t\t\t\t\t\t\t<\/div>\n\t\t\t\t<\/a>\n\t\t\t\t\t<\/div>\n\t\t\t\t<\/div>\n\t\t<div class=\"elementor-element elementor-element-66bd8e7 elementor-hidden-desktop elementor-hidden-tablet e-flex e-con-boxed e-con e-parent\" data-id=\"66bd8e7\" data-element_type=\"container\">\n\t\t\t\t\t<div class=\"e-con-inner\">\n\t\t<a class=\"elementor-element elementor-element-0e246c2 e-con-full e-flex e-con e-child\" data-id=\"0e246c2\" data-element_type=\"container\" data-settings=\"{&quot;background_background&quot;:&quot;slideshow&quot;,&quot;background_slideshow_gallery&quot;:[{&quot;id&quot;:75,&quot;url&quot;:&quot;https:\\\/\\\/philomene-services.fr\\\/wp-content\\\/uploads\\\/2025\\\/08\\\/Philomene-services-a-domicile-toulouse-conciergerie-calme-apaisement-famille-menage-repassage-gouvernante-11.png&quot;}],&quot;background_slideshow_loop&quot;:&quot;yes&quot;,&quot;background_slideshow_slide_duration&quot;:5000,&quot;background_slideshow_slide_transition&quot;:&quot;fade&quot;,&quot;background_slideshow_transition_duration&quot;:500}\" href=\"https:\/\/philomene-services.fr\/?page_id=46\">\n\t\t\t\t<div class=\"elementor-element elementor-element-6ab0523 elementor-widget elementor-widget-text-editor\" data-id=\"6ab0523\" data-element_type=\"widget\" data-widget_type=\"text-editor.default\">\n\t\t\t\t\t\t\t\t\t<p>Respirez&#8230; On s&rsquo;occupe de tout !<\/p>\t\t\t\t\t\t\t\t<\/div>\n\t\t\t\t<\/a>\n\t\t\t\t\t<\/div>\n\t\t\t\t<\/div>\n\t\t<div class=\"elementor-element elementor-element-1939e01 elementor-hidden-desktop elementor-hidden-tablet e-flex e-con-boxed e-con e-parent\" data-id=\"1939e01\" data-element_type=\"container\">\n\t\t\t\t\t<div class=\"e-con-inner\">\n\t\t<a class=\"elementor-element elementor-element-735b85b e-con-full e-flex e-con e-child\" data-id=\"735b85b\" data-element_type=\"container\" data-settings=\"{&quot;background_background&quot;:&quot;slideshow&quot;,&quot;background_slideshow_gallery&quot;:[{&quot;id&quot;:76,&quot;url&quot;:&quot;https:\\\/\\\/philomene-services.fr\\\/wp-content\\\/uploads\\\/2025\\\/08\\\/Philomene-services-a-domicile-toulouse-conciergerie-calme-apaisement-famille-menage-repassage-gouvernante-EQUIPE-15.png&quot;}],&quot;background_slideshow_loop&quot;:&quot;yes&quot;,&quot;background_slideshow_slide_duration&quot;:5000,&quot;background_slideshow_slide_transition&quot;:&quot;fade&quot;,&quot;background_slideshow_transition_duration&quot;:500}\" href=\"https:\/\/philomene-services.fr\/?page_id=48\">\n\t\t\t\t<div class=\"elementor-element elementor-element-0cdd1f9 elementor-widget elementor-widget-text-editor\" data-id=\"0cdd1f9\" data-element_type=\"widget\" data-widget_type=\"text-editor.default\">\n\t\t\t\t\t\t\t\t\t<p>Qui sont nos Philom\u00e8ne ?<\/p>\t\t\t\t\t\t\t\t<\/div>\n\t\t\t\t<\/a>\n\t\t\t\t\t<\/div>\n\t\t\t\t<\/div>\n\t\t<div class=\"elementor-element elementor-element-477a367 elementor-hidden-desktop elementor-hidden-tablet e-flex e-con-boxed e-con e-parent\" data-id=\"477a367\" data-element_type=\"container\">\n\t\t\t\t\t<div class=\"e-con-inner\">\n\t\t<a class=\"elementor-element elementor-element-342cb81 e-con-full e-flex e-con e-child\" data-id=\"342cb81\" data-element_type=\"container\" data-settings=\"{&quot;background_background&quot;:&quot;slideshow&quot;,&quot;background_slideshow_gallery&quot;:[{&quot;id&quot;:160,&quot;url&quot;:&quot;https:\\\/\\\/philomene-services.fr\\\/wp-content\\\/uploads\\\/2025\\\/08\\\/tarifs-entretien-menage-domicile-femme-de-menage-toulouse-philomene-services-conciergerie-nettoyage.png&quot;}],&quot;background_slideshow_loop&quot;:&quot;yes&quot;,&quot;background_slideshow_slide_duration&quot;:5000,&quot;background_slideshow_slide_transition&quot;:&quot;fade&quot;,&quot;background_slideshow_transition_duration&quot;:500}\" href=\"https:\/\/philomene-services.fr\/?page_id=50\">\n\t\t\t\t<div class=\"elementor-element elementor-element-fe19ad6 elementor-widget elementor-widget-text-editor\" data-id=\"fe19ad6\" data-element_type=\"widget\" data-widget_type=\"text-editor.default\">\n\t\t\t\t\t\t\t\t\t<p>Nos tarifs<\/p>\t\t\t\t\t\t\t\t<\/div>\n\t\t\t\t<\/a>\n\t\t\t\t\t<\/div>\n\t\t\t\t<\/div>\n\t\t<div class=\"elementor-element elementor-element-329bdf9 elementor-hidden-desktop elementor-hidden-tablet e-flex e-con-boxed e-con e-parent\" data-id=\"329bdf9\" data-element_type=\"container\">\n\t\t\t\t\t<div class=\"e-con-inner\">\n\t\t<a class=\"elementor-element elementor-element-5490c5c e-con-full e-flex e-con e-child\" data-id=\"5490c5c\" data-element_type=\"container\" data-settings=\"{&quot;background_background&quot;:&quot;slideshow&quot;,&quot;background_slideshow_gallery&quot;:[{&quot;id&quot;:78,&quot;url&quot;:&quot;https:\\\/\\\/philomene-services.fr\\\/wp-content\\\/uploads\\\/2025\\\/08\\\/Philomene-services-a-domicile-toulouse-conciergerie-calme-apaisement-famille-menage-repassage-gouvernante-CONTACT14.png&quot;}],&quot;background_slideshow_loop&quot;:&quot;yes&quot;,&quot;background_slideshow_slide_duration&quot;:5000,&quot;background_slideshow_slide_transition&quot;:&quot;fade&quot;,&quot;background_slideshow_transition_duration&quot;:500}\" href=\"https:\/\/philomene-services.fr\/?page_id=52\">\n\t\t\t\t<div class=\"elementor-element elementor-element-2477c3e elementor-widget elementor-widget-text-editor\" data-id=\"2477c3e\" data-element_type=\"widget\" data-widget_type=\"text-editor.default\">\n\t\t\t\t\t\t\t\t\t<p>Contactez-nous<\/p>\t\t\t\t\t\t\t\t<\/div>\n\t\t\t\t<\/a>\n\t\t\t\t\t<\/div>\n\t\t\t\t<\/div>\n\t\t<div class=\"elementor-element elementor-element-d96c9bf e-flex e-con-boxed e-con e-parent\" data-id=\"d96c9bf\" data-element_type=\"container\">\n\t\t\t\t\t<div class=\"e-con-inner\">\n\t\t\t\t<div class=\"elementor-element elementor-element-1b14741 elementor-widget elementor-widget-spacer\" data-id=\"1b14741\" data-element_type=\"widget\" data-widget_type=\"spacer.default\">\n\t\t\t\t\t\t\t<div class=\"elementor-spacer\">\n\t\t\t<div class=\"elementor-spacer-inner\"><\/div>\n\t\t<\/div>\n\t\t\t\t\t\t<\/div>\n\t\t\t\t\t<\/div>\n\t\t\t\t<\/div>\n\t\t<div class=\"elementor-element elementor-element-2810b60 e-flex e-con-boxed e-con e-parent\" data-id=\"2810b60\" data-element_type=\"container\">\n\t\t\t\t\t<div class=\"e-con-inner\">\n\t\t<a class=\"elementor-element elementor-element-1069414 e-con-full e-flex elementor-invisible e-con e-child\" data-id=\"1069414\" data-element_type=\"container\" data-settings=\"{&quot;animation&quot;:&quot;fadeInLeft&quot;}\" href=\"https:\/\/philomene-services.fr\/?page_id=46\">\n\t\t\t\t<div class=\"elementor-element elementor-element-dbb0437 elementor-position-top elementor-widget elementor-widget-image-box\" data-id=\"dbb0437\" data-element_type=\"widget\" data-widget_type=\"image-box.default\">\n\t\t\t\t\t<div class=\"elementor-image-box-wrapper\"><figure class=\"elementor-image-box-img\"><img fetchpriority=\"high\" decoding=\"async\" width=\"1000\" height=\"912\" src=\"https:\/\/philomene-services.fr\/wp-content\/uploads\/2025\/08\/GARANTIE-PHILOMENE-SERVICES-TOULOUSE-MENAGE-REPASSAGE-A-DOMICILE-CONCIERGERIE-1.png\" class=\"attachment-full size-full wp-image-236\" alt=\"\" srcset=\"https:\/\/philomene-services.fr\/wp-content\/uploads\/2025\/08\/GARANTIE-PHILOMENE-SERVICES-TOULOUSE-MENAGE-REPASSAGE-A-DOMICILE-CONCIERGERIE-1.png 1000w, https:\/\/philomene-services.fr\/wp-content\/uploads\/2025\/08\/GARANTIE-PHILOMENE-SERVICES-TOULOUSE-MENAGE-REPASSAGE-A-DOMICILE-CONCIERGERIE-1-300x274.png 300w, https:\/\/philomene-services.fr\/wp-content\/uploads\/2025\/08\/GARANTIE-PHILOMENE-SERVICES-TOULOUSE-MENAGE-REPASSAGE-A-DOMICILE-CONCIERGERIE-1-768x700.png 768w\" sizes=\"(max-width: 1000px) 100vw, 1000px\" \/><\/figure><div class=\"elementor-image-box-content\"><h3 class=\"elementor-image-box-title\">La garantie d'un service sur mesure<\/h3><\/div><\/div>\t\t\t\t<\/div>\n\t\t\t\t<\/a>\n\t\t<a class=\"elementor-element elementor-element-f8650b8 e-con-full e-flex elementor-invisible e-con e-child\" data-id=\"f8650b8\" data-element_type=\"container\" data-settings=\"{&quot;animation&quot;:&quot;fadeInUp&quot;}\" href=\"https:\/\/philomene-services.fr\/?page_id=44\">\n\t\t\t\t<div class=\"elementor-element elementor-element-cb8958a elementor-position-top elementor-widget elementor-widget-image-box\" data-id=\"cb8958a\" data-element_type=\"widget\" data-widget_type=\"image-box.default\">\n\t\t\t\t\t<div class=\"elementor-image-box-wrapper\"><figure class=\"elementor-image-box-img\"><img decoding=\"async\" width=\"1000\" height=\"813\" src=\"https:\/\/philomene-services.fr\/wp-content\/uploads\/2025\/08\/EXPERTISE-PHILOMENE-SERVICES-TOULOUSE-MENAGE-REPASSAGE-A-DOMICILE-CONCIERGERIE.png\" class=\"attachment-full size-full wp-image-133\" alt=\"\" srcset=\"https:\/\/philomene-services.fr\/wp-content\/uploads\/2025\/08\/EXPERTISE-PHILOMENE-SERVICES-TOULOUSE-MENAGE-REPASSAGE-A-DOMICILE-CONCIERGERIE.png 1000w, https:\/\/philomene-services.fr\/wp-content\/uploads\/2025\/08\/EXPERTISE-PHILOMENE-SERVICES-TOULOUSE-MENAGE-REPASSAGE-A-DOMICILE-CONCIERGERIE-300x244.png 300w, https:\/\/philomene-services.fr\/wp-content\/uploads\/2025\/08\/EXPERTISE-PHILOMENE-SERVICES-TOULOUSE-MENAGE-REPASSAGE-A-DOMICILE-CONCIERGERIE-768x624.png 768w\" sizes=\"(max-width: 1000px) 100vw, 1000px\" \/><\/figure><div class=\"elementor-image-box-content\"><h3 class=\"elementor-image-box-title\">Une expertise unique pour votre confort<\/h3><\/div><\/div>\t\t\t\t<\/div>\n\t\t\t\t<\/a>\n\t\t<a class=\"elementor-element elementor-element-ba671ea e-con-full e-flex elementor-invisible e-con e-child\" data-id=\"ba671ea\" data-element_type=\"container\" data-settings=\"{&quot;animation&quot;:&quot;fadeInRight&quot;}\" href=\"https:\/\/philomene-services.fr\/?page_id=52\">\n\t\t\t\t<div class=\"elementor-element elementor-element-5da227f elementor-position-top elementor-widget elementor-widget-image-box\" data-id=\"5da227f\" data-element_type=\"widget\" data-widget_type=\"image-box.default\">\n\t\t\t\t\t<div class=\"elementor-image-box-wrapper\"><figure class=\"elementor-image-box-img\"><img decoding=\"async\" width=\"1000\" height=\"1222\" src=\"https:\/\/philomene-services.fr\/wp-content\/uploads\/2025\/08\/DEVIS-RAPIDE-EXPERTISE-PHILOMENE-SERVICES-TOULOUSE-MENAGE-REPASSAGE-A-DOMICILE-CONCIERGERIE.png\" class=\"attachment-full size-full wp-image-131\" alt=\"\" srcset=\"https:\/\/philomene-services.fr\/wp-content\/uploads\/2025\/08\/DEVIS-RAPIDE-EXPERTISE-PHILOMENE-SERVICES-TOULOUSE-MENAGE-REPASSAGE-A-DOMICILE-CONCIERGERIE.png 1000w, https:\/\/philomene-services.fr\/wp-content\/uploads\/2025\/08\/DEVIS-RAPIDE-EXPERTISE-PHILOMENE-SERVICES-TOULOUSE-MENAGE-REPASSAGE-A-DOMICILE-CONCIERGERIE-245x300.png 245w, https:\/\/philomene-services.fr\/wp-content\/uploads\/2025\/08\/DEVIS-RAPIDE-EXPERTISE-PHILOMENE-SERVICES-TOULOUSE-MENAGE-REPASSAGE-A-DOMICILE-CONCIERGERIE-838x1024.png 838w, https:\/\/philomene-services.fr\/wp-content\/uploads\/2025\/08\/DEVIS-RAPIDE-EXPERTISE-PHILOMENE-SERVICES-TOULOUSE-MENAGE-REPASSAGE-A-DOMICILE-CONCIERGERIE-768x938.png 768w\" sizes=\"(max-width: 1000px) 100vw, 1000px\" \/><\/figure><div class=\"elementor-image-box-content\"><h3 class=\"elementor-image-box-title\">Un devis rapide comme l'\u00e9clair<\/h3><\/div><\/div>\t\t\t\t<\/div>\n\t\t\t\t<\/a>\n\t\t\t\t\t<\/div>\n\t\t\t\t<\/div>\n\t\t\t\t<\/div>\n\t\t","protected":false},"excerpt":{"rendered":"<p>Entretien de votre domicile &#8211; Repassage &#8211; Gouvernante &#8211; Conciergerie Toulouse et tous environs La petite histoire de Philom\u00e8ne&#8230; La philosophie selon Philom\u00e8ne&#8230;Notre concept Respirez&#8230; On s&rsquo;occupe de tout ! Qui sont nos Philom\u00e8ne ? Nos tarifs Contactez-nous La petite histoire de Philom\u00e8ne&#8230; La philosophie selon Philom\u00e8ne&#8230;Notre concept Respirez&#8230; On s&rsquo;occupe de tout ! Qui&hellip;&nbsp;<a href=\"https:\/\/philomene-services.fr\/\" rel=\"bookmark\"><span class=\"screen-reader-text\">Accueil<\/span><\/a><\/p>\n","protected":false},"author":2,"featured_media":0,"parent":0,"menu_order":0,"comment_status":"closed","ping_status":"closed","template":"page-templates\/template-pagebuilder-full-width.php","meta":{"neve_meta_sidebar":"","neve_meta_container":"","neve_meta_enable_content_width":"on","neve_meta_content_width":100,"neve_meta_title_alignment":"","neve_meta_author_avatar":"","neve_post_elements_order":"","neve_meta_disable_header":"","neve_meta_disable_footer":"","neve_meta_disable_title":"on","footnotes":""},"class_list":["post-8","page","type-page","status-publish","hentry"],"_links":{"self":[{"href":"https:\/\/philomene-services.fr\/index.php?rest_route=\/wp\/v2\/pages\/8","targetHints":{"allow":["GET"]}}],"collection":[{"href":"https:\/\/philomene-services.fr\/index.php?rest_route=\/wp\/v2\/pages"}],"about":[{"href":"https:\/\/philomene-services.fr\/index.php?rest_route=\/wp\/v2\/types\/page"}],"author":[{"embeddable":true,"href":"https:\/\/philomene-services.fr\/index.php?rest_route=\/wp\/v2\/users\/2"}],"replies":[{"embeddable":true,"href":"https:\/\/philomene-services.fr\/index.php?rest_route=%2Fwp%2Fv2%2Fcomments&post=8"}],"version-history":[{"count":59,"href":"https:\/\/philomene-services.fr\/index.php?rest_route=\/wp\/v2\/pages\/8\/revisions"}],"predecessor-version":[{"id":266,"href":"https:\/\/philomene-services.fr\/index.php?rest_route=\/wp\/v2\/pages\/8\/revisions\/266"}],"wp:attachment":[{"href":"https:\/\/philomene-services.fr\/index.php?rest_route=%2Fwp%2Fv2%2Fmedia&parent=8"}],"curies":[{"name":"wp","href":"https:\/\/api.w.org\/{rel}","templated":true}]}}